{"id":82,"date":"2024-04-02T22:39:29","date_gmt":"2024-04-02T20:39:29","guid":{"rendered":"https:\/\/pressparadoxe.com\/?page_id=82"},"modified":"2024-04-02T23:04:54","modified_gmt":"2024-04-02T21:04:54","slug":"relation-presse-communication","status":"publish","type":"page","link":"https:\/\/pressparadoxe.com\/index.php\/relation-presse-communication\/","title":{"rendered":"Relation Presse &amp; Strat\u00e9gie"},"content":{"rendered":"\t\t<div data-elementor-type=\"wp-page\" data-elementor-id=\"82\" class=\"elementor elementor-82\">\n\t\t\t\t<div class=\"elementor-element elementor-element-b2015fc e-flex e-con-boxed e-con e-parent\" data-id=\"b2015fc\" data-element_type=\"container\">\n\t\t\t\t\t<div class=\"e-con-inner\">\n\t\t\t\t<div class=\"elementor-element elementor-element-5983696 elementor-widget elementor-widget-text-editor\" data-id=\"5983696\" data-element_type=\"widget\" data-widget_type=\"text-editor.default\">\n\t\t\t\t<div class=\"elementor-widget-container\">\n\t\t\t\t\t\t\t<h5><strong><span style=\"color: #ff6404;\">L\u2019entreprise Press\u2019 Paradoxe vous propose les services suivants :<\/span><\/strong><\/h5><h6><strong><br \/>RELATIONS PRESSE<\/strong><br \/>&#8211; R\u00e9alisation d\u2019un communiqu\u00e9 de presse<br \/>&#8211; R\u00e9alisation d\u2019un dossier de presse<br \/>&#8211; Envoi des communiqu\u00e9s et dossiers de presse apr\u00e8s validation des journalistes\/blogueurs cibles avec le client<\/h6><h6>\u00a0<\/h6><h6><strong>STRAT\u00c9GIE DE COMMUNICATION<\/strong><br \/>&#8211; Diagnostic de la communication actuelle de l\u2019entreprise<br \/>&#8211; Strat\u00e9gie de communication : plan de communication g\u00e9n\u00e9ral<br \/>&#8211; Strat\u00e9gie de communication digitale : plan de communication digital (cibl\u00e9 r\u00e9seaux sociaux et web)<\/h6><p>\u00a0<\/p><p><em><strong><span style=\"color: #ff6404;\">Tarifs et devis sur demande<\/span><\/strong><\/em><\/p>\t\t\t\t\t\t<\/div>\n\t\t\t\t<\/div>\n\t\t\t\t\t<\/div>\n\t\t\t\t<\/div>\n\t\t\t\t<\/div>\n\t\t","protected":false},"excerpt":{"rendered":"<p>L\u2019entreprise Press\u2019 Paradoxe vous propose les services suivants : RELATIONS PRESSE&#8211; R\u00e9alisation d\u2019un communiqu\u00e9 de presse&#8211; R\u00e9alisation d\u2019un dossier de presse&#8211; Envoi des communiqu\u00e9s et dossiers de presse apr\u00e8s validation des journalistes\/blogueurs cibles avec le client \u00a0 STRAT\u00c9GIE DE COMMUNICATION&#8211;&#8230;<\/p>\n","protected":false},"author":1,"featured_media":0,"parent":0,"menu_order":0,"comment_status":"closed","ping_status":"closed","template":"","meta":{"footnotes":""},"class_list":["post-82","page","type-page","status-publish","hentry"],"yoast_head":"<!-- This site is optimized with the Yoast SEO plugin v23.5 - https:\/\/yoast.com\/wordpress\/plugins\/seo\/ -->\n<title>Relation Presse &amp; Strat\u00e9gie - Press&#039;Paradoxe<\/title>\n<meta name=\"robots\" content=\"index, follow, max-snippet:-1, max-image-preview:large, max-video-preview:-1\" \/>\n<link rel=\"canonical\" href=\"https:\/\/pressparadoxe.com\/index.php\/relation-presse-communication\/\" \/>\n<meta property=\"og:locale\" content=\"fr_FR\" \/>\n<meta property=\"og:type\" content=\"article\" \/>\n<meta property=\"og:title\" content=\"Relation Presse &amp; Strat\u00e9gie - Press&#039;Paradoxe\" \/>\n<meta property=\"og:description\" content=\"L\u2019entreprise Press\u2019 Paradoxe vous propose les services suivants : RELATIONS PRESSE&#8211; R\u00e9alisation d\u2019un communiqu\u00e9 de presse&#8211; R\u00e9alisation d\u2019un dossier de presse&#8211; Envoi des communiqu\u00e9s et dossiers de presse apr\u00e8s validation des journalistes\/blogueurs cibles avec le client \u00a0 STRAT\u00c9GIE DE COMMUNICATION&#8211;...\" \/>\n<meta property=\"og:url\" content=\"https:\/\/pressparadoxe.com\/index.php\/relation-presse-communication\/\" \/>\n<meta property=\"og:site_name\" content=\"Press&#039;Paradoxe\" \/>\n<meta property=\"article:modified_time\" content=\"2024-04-02T21:04:54+00:00\" \/>\n<meta name=\"twitter:card\" content=\"summary_large_image\" \/>\n<meta name=\"twitter:label1\" content=\"Dur\u00e9e de lecture estim\u00e9e\" \/>\n\t<meta name=\"twitter:data1\" content=\"1 minute\" \/>\n<script type=\"application\/ld+json\" class=\"yoast-schema-graph\">{\"@context\":\"https:\/\/schema.org\",\"@graph\":[{\"@type\":\"WebPage\",\"@id\":\"https:\/\/pressparadoxe.com\/index.php\/relation-presse-communication\/\",\"url\":\"https:\/\/pressparadoxe.com\/index.php\/relation-presse-communication\/\",\"name\":\"Relation Presse &amp; Strat\u00e9gie - Press&#039;Paradoxe\",\"isPartOf\":{\"@id\":\"https:\/\/pressparadoxe.com\/#website\"},\"datePublished\":\"2024-04-02T20:39:29+00:00\",\"dateModified\":\"2024-04-02T21:04:54+00:00\",\"breadcrumb\":{\"@id\":\"https:\/\/pressparadoxe.com\/index.php\/relation-presse-communication\/#breadcrumb\"},\"inLanguage\":\"fr-FR\",\"potentialAction\":[{\"@type\":\"ReadAction\",\"target\":[\"https:\/\/pressparadoxe.com\/index.php\/relation-presse-communication\/\"]}]},{\"@type\":\"BreadcrumbList\",\"@id\":\"https:\/\/pressparadoxe.com\/index.php\/relation-presse-communication\/#breadcrumb\",\"itemListElement\":[{\"@type\":\"ListItem\",\"position\":1,\"name\":\"Accueil\",\"item\":\"https:\/\/pressparadoxe.com\/\"},{\"@type\":\"ListItem\",\"position\":2,\"name\":\"Relation Presse &amp; Strat\u00e9gie\"}]},{\"@type\":\"WebSite\",\"@id\":\"https:\/\/pressparadoxe.com\/#website\",\"url\":\"https:\/\/pressparadoxe.com\/\",\"name\":\"Press&#039;Paradoxe\",\"description\":\"La com\u2019 a contre sens \ud83c\udf00\",\"publisher\":{\"@id\":\"https:\/\/pressparadoxe.com\/#organization\"},\"potentialAction\":[{\"@type\":\"SearchAction\",\"target\":{\"@type\":\"EntryPoint\",\"urlTemplate\":\"https:\/\/pressparadoxe.com\/?s={search_term_string}\"},\"query-input\":{\"@type\":\"PropertyValueSpecification\",\"valueRequired\":true,\"valueName\":\"search_term_string\"}}],\"inLanguage\":\"fr-FR\"},{\"@type\":\"Organization\",\"@id\":\"https:\/\/pressparadoxe.com\/#organization\",\"name\":\"Press&#039;Paradoxe\",\"url\":\"https:\/\/pressparadoxe.com\/\",\"logo\":{\"@type\":\"ImageObject\",\"inLanguage\":\"fr-FR\",\"@id\":\"https:\/\/pressparadoxe.com\/#\/schema\/logo\/image\/\",\"url\":\"https:\/\/pressparadoxe.com\/wp-content\/uploads\/2024\/03\/cropped-IMG_7676-1.png\",\"contentUrl\":\"https:\/\/pressparadoxe.com\/wp-content\/uploads\/2024\/03\/cropped-IMG_7676-1.png\",\"width\":464,\"height\":250,\"caption\":\"Press&#039;Paradoxe\"},\"image\":{\"@id\":\"https:\/\/pressparadoxe.com\/#\/schema\/logo\/image\/\"}}]}<\/script>\n<!-- \/ Yoast SEO plugin. -->","yoast_head_json":{"title":"Relation Presse &amp; Strat\u00e9gie - Press&#039;Paradoxe","robots":{"index":"index","follow":"follow","max-snippet":"max-snippet:-1","max-image-preview":"max-image-preview:large","max-video-preview":"max-video-preview:-1"},"canonical":"https:\/\/pressparadoxe.com\/index.php\/relation-presse-communication\/","og_locale":"fr_FR","og_type":"article","og_title":"Relation Presse &amp; Strat\u00e9gie - Press&#039;Paradoxe","og_description":"L\u2019entreprise Press\u2019 Paradoxe vous propose les services suivants : RELATIONS PRESSE&#8211; R\u00e9alisation d\u2019un communiqu\u00e9 de presse&#8211; R\u00e9alisation d\u2019un dossier de presse&#8211; Envoi des communiqu\u00e9s et dossiers de presse apr\u00e8s validation des journalistes\/blogueurs cibles avec le client \u00a0 STRAT\u00c9GIE DE COMMUNICATION&#8211;...","og_url":"https:\/\/pressparadoxe.com\/index.php\/relation-presse-communication\/","og_site_name":"Press&#039;Paradoxe","article_modified_time":"2024-04-02T21:04:54+00:00","twitter_card":"summary_large_image","twitter_misc":{"Dur\u00e9e de lecture estim\u00e9e":"1 minute"},"schema":{"@context":"https:\/\/schema.org","@graph":[{"@type":"WebPage","@id":"https:\/\/pressparadoxe.com\/index.php\/relation-presse-communication\/","url":"https:\/\/pressparadoxe.com\/index.php\/relation-presse-communication\/","name":"Relation Presse &amp; Strat\u00e9gie - Press&#039;Paradoxe","isPartOf":{"@id":"https:\/\/pressparadoxe.com\/#website"},"datePublished":"2024-04-02T20:39:29+00:00","dateModified":"2024-04-02T21:04:54+00:00","breadcrumb":{"@id":"https:\/\/pressparadoxe.com\/index.php\/relation-presse-communication\/#breadcrumb"},"inLanguage":"fr-FR","potentialAction":[{"@type":"ReadAction","target":["https:\/\/pressparadoxe.com\/index.php\/relation-presse-communication\/"]}]},{"@type":"BreadcrumbList","@id":"https:\/\/pressparadoxe.com\/index.php\/relation-presse-communication\/#breadcrumb","itemListElement":[{"@type":"ListItem","position":1,"name":"Accueil","item":"https:\/\/pressparadoxe.com\/"},{"@type":"ListItem","position":2,"name":"Relation Presse &amp; Strat\u00e9gie"}]},{"@type":"WebSite","@id":"https:\/\/pressparadoxe.com\/#website","url":"https:\/\/pressparadoxe.com\/","name":"Press&#039;Paradoxe","description":"La com\u2019 a contre sens \ud83c\udf00","publisher":{"@id":"https:\/\/pressparadoxe.com\/#organization"},"potentialAction":[{"@type":"SearchAction","target":{"@type":"EntryPoint","urlTemplate":"https:\/\/pressparadoxe.com\/?s={search_term_string}"},"query-input":{"@type":"PropertyValueSpecification","valueRequired":true,"valueName":"search_term_string"}}],"inLanguage":"fr-FR"},{"@type":"Organization","@id":"https:\/\/pressparadoxe.com\/#organization","name":"Press&#039;Paradoxe","url":"https:\/\/pressparadoxe.com\/","logo":{"@type":"ImageObject","inLanguage":"fr-FR","@id":"https:\/\/pressparadoxe.com\/#\/schema\/logo\/image\/","url":"https:\/\/pressparadoxe.com\/wp-content\/uploads\/2024\/03\/cropped-IMG_7676-1.png","contentUrl":"https:\/\/pressparadoxe.com\/wp-content\/uploads\/2024\/03\/cropped-IMG_7676-1.png","width":464,"height":250,"caption":"Press&#039;Paradoxe"},"image":{"@id":"https:\/\/pressparadoxe.com\/#\/schema\/logo\/image\/"}}]}},"_links":{"self":[{"href":"https:\/\/pressparadoxe.com\/index.php\/wp-json\/wp\/v2\/pages\/82","targetHints":{"allow":["GET"]}}],"collection":[{"href":"https:\/\/pressparadoxe.com\/index.php\/wp-json\/wp\/v2\/pages"}],"about":[{"href":"https:\/\/pressparadoxe.com\/index.php\/wp-json\/wp\/v2\/types\/page"}],"author":[{"embeddable":true,"href":"https:\/\/pressparadoxe.com\/index.php\/wp-json\/wp\/v2\/users\/1"}],"replies":[{"embeddable":true,"href":"https:\/\/pressparadoxe.com\/index.php\/wp-json\/wp\/v2\/comments?post=82"}],"version-history":[{"count":5,"href":"https:\/\/pressparadoxe.com\/index.php\/wp-json\/wp\/v2\/pages\/82\/revisions"}],"predecessor-version":[{"id":108,"href":"https:\/\/pressparadoxe.com\/index.php\/wp-json\/wp\/v2\/pages\/82\/revisions\/108"}],"wp:attachment":[{"href":"https:\/\/pressparadoxe.com\/index.php\/wp-json\/wp\/v2\/media?parent=82"}],"curies":[{"name":"wp","href":"https:\/\/api.w.org\/{rel}","templated":true}]}}