{"id":8,"date":"2024-03-30T13:47:22","date_gmt":"2024-03-30T12:47:22","guid":{"rendered":"https:\/\/pressparadoxe.com\/?page_id=8"},"modified":"2024-06-03T09:32:14","modified_gmt":"2024-06-03T07:32:14","slug":"contact","status":"publish","type":"page","link":"https:\/\/pressparadoxe.com\/index.php\/contact\/","title":{"rendered":"Contact"},"content":{"rendered":"\t\t<div data-elementor-type=\"wp-page\" data-elementor-id=\"8\" class=\"elementor elementor-8\">\n\t\t\t\t<div class=\"elementor-element elementor-element-3e8d5f5 e-flex e-con-boxed e-con e-parent\" data-id=\"3e8d5f5\" data-element_type=\"container\">\n\t\t\t\t\t<div class=\"e-con-inner\">\n\t\t\t\t<div class=\"elementor-element elementor-element-e8ea975 elementor-widget elementor-widget-text-editor\" data-id=\"e8ea975\" data-element_type=\"widget\" data-widget_type=\"text-editor.default\">\n\t\t\t\t<div class=\"elementor-widget-container\">\n\t\t\t\t\t\t\t<h5 style=\"text-align: justify;\"><strong><span style=\"color: #ff6404;\">L\u2019agence Press\u2019 Paradoxe est \u00e0 votre disposition pour tout renseignement par mail via le formulaire de contact ci-dessous :<\/span><\/strong><\/h5><p><span style=\"text-align: var(--text-align); background-color: transparent;\"><div class=\"frm_forms  with_frm_style frm_style_style-formidable\" id=\"frm_form_1_container\" >\n<form enctype=\"multipart\/form-data\" method=\"post\" class=\"frm-show-form \" id=\"form_contact-form\" >\n<div class=\"frm_form_fields \">\n<fieldset>\n<legend class=\"frm_screen_reader\">Nous contacter<\/legend>\r\n\r\n<div class=\"frm_fields_container\">\n<input type=\"hidden\" name=\"frm_action\" value=\"create\" \/>\n<input type=\"hidden\" name=\"form_id\" value=\"1\" \/>\n<input type=\"hidden\" name=\"frm_hide_fields_1\" id=\"frm_hide_fields_1\" value=\"\" \/>\n<input type=\"hidden\" name=\"form_key\" value=\"contact-form\" \/>\n<input type=\"hidden\" name=\"item_meta[0]\" value=\"\" \/>\n<input type=\"hidden\" id=\"frm_submit_entry_1\" name=\"frm_submit_entry_1\" value=\"452c36cdf6\" \/><input type=\"hidden\" name=\"_wp_http_referer\" value=\"\/index.php\/wp-json\/wp\/v2\/pages\/8\" \/><div id=\"frm_field_1_container\" class=\"frm_form_field form-field  frm_required_field frm_top_container frm12 frm_first\">\r\n    <label for=\"field_qh4icy\" id=\"field_qh4icy_label\" class=\"frm_primary_label\">Nom et pr\u00e9nom\r\n        <span class=\"frm_required\" aria-hidden=\"true\">*<\/span>\r\n    <\/label>\r\n    <input type=\"text\" id=\"field_qh4icy\" name=\"item_meta[1]\" value=\"\"  data-reqmsg=\"Nom et pr\u00e9nom cannot be blank.\" aria-required=\"true\" data-invmsg=\"Nom et pr\u00e9nom est non valide\" aria-invalid=\"false\"  \/>\r\n    \r\n    \r\n<\/div>\n<div id=\"frm_field_3_container\" class=\"frm_form_field form-field  frm_required_field frm_top_container frm_full\">\r\n    <label for=\"field_29yf4d\" id=\"field_29yf4d_label\" class=\"frm_primary_label\">Email\r\n        <span class=\"frm_required\" aria-hidden=\"true\">*<\/span>\r\n    <\/label>\r\n    <input type=\"email\" id=\"field_29yf4d\" name=\"item_meta[3]\" value=\"\"  data-reqmsg=\"Email cannot be blank.\" aria-required=\"true\" data-invmsg=\"Please enter a valid email address\" aria-invalid=\"false\"  \/>\r\n    \r\n    \r\n<\/div>\n<div id=\"frm_field_4_container\" class=\"frm_form_field form-field  frm_required_field frm_top_container frm_full\">\r\n    <label for=\"field_e6lis6\" id=\"field_e6lis6_label\" class=\"frm_primary_label\">Objet\r\n        <span class=\"frm_required\" aria-hidden=\"true\">*<\/span>\r\n    <\/label>\r\n    <input type=\"text\" id=\"field_e6lis6\" name=\"item_meta[4]\" value=\"\"  data-reqmsg=\"Objet cannot be blank.\" aria-required=\"true\" data-invmsg=\"Objet est non valide\" aria-invalid=\"false\"  \/>\r\n    \r\n    \r\n<\/div>\n<div id=\"frm_field_5_container\" class=\"frm_form_field form-field  frm_required_field frm_top_container frm_full\">\r\n    <label for=\"field_9jv0r1\" id=\"field_9jv0r1_label\" class=\"frm_primary_label\">Message\r\n        <span class=\"frm_required\" aria-hidden=\"true\">*<\/span>\r\n    <\/label>\r\n    <textarea name=\"item_meta[5]\" id=\"field_9jv0r1\" rows=\"5\"  data-reqmsg=\"Message cannot be blank.\" aria-required=\"true\" data-invmsg=\"Message est non valide\" aria-invalid=\"false\"  ><\/textarea>\r\n    \r\n    \r\n<\/div>\n<div id=\"frm_field_8_container\" class=\"frm_form_field form-field  frm_required_field frm_top_container vertical_radio\">\r\n    <div  id=\"field_7tn96_label\" class=\"frm_primary_label\">Je suis :\r\n        <span class=\"frm_required\" aria-hidden=\"true\">*<\/span>\r\n    <\/div>\r\n    <div class=\"frm_opt_container\" aria-labelledby=\"field_7tn96_label\" role=\"group\">\t\t<div class=\"frm_checkbox\" id=\"frm_checkbox_8-0\">\t\t\t<label  for=\"field_7tn96-0\">\n\t\t\t<input type=\"checkbox\" name=\"item_meta[8][]\" id=\"field_7tn96-0\" value=\"Un particulier\"  data-reqmsg=\"Je suis : cannot be blank.\" data-invmsg=\"Je suis : est non valide\" aria-invalid=\"false\"   aria-required=\"true\"  \/> Un particulier<\/label><\/div>\n\t\t<div class=\"frm_checkbox\" id=\"frm_checkbox_8-1\">\t\t\t<label  for=\"field_7tn96-1\">\n\t\t\t<input type=\"checkbox\" name=\"item_meta[8][]\" id=\"field_7tn96-1\" value=\"Une entreprise\"  data-reqmsg=\"Je suis : cannot be blank.\" data-invmsg=\"Je suis : est non valide\" aria-invalid=\"false\"   \/> Une entreprise<\/label><\/div>\n<\/div>\r\n    \r\n    \r\n<\/div>\n<div id=\"frm_field_9_container\" class=\"frm_form_field form-field \">\r\n\t<div class=\"frm_submit frm_flex\">\r\n<button class=\"frm_button_submit\" type=\"submit\"  >Envoyer<\/button>\r\n\r\n\r\n\r\n<\/div>\r\n<\/div>\n\t<input type=\"hidden\" name=\"item_key\" value=\"\" \/>\n\t\t\t\t<div class=\"frm__660f0b5a056a1\">\n\t\t\t\t<label for=\"frm_email_1\" >\n\t\t\t\t\tSi vous \u00eates un humain, ne remplissez pas ce champ.\t\t\t\t<\/label>\n\t\t\t\t<input  id=\"frm_email_1\" type=\"text\" class=\"frm_verify\" name=\"frm__660f0b5a056a1\" value=\"\" autocomplete=\"off\"  \/>\n\t\t\t<\/div>\n\t\t<\/div>\n<\/fieldset>\n<\/div>\n<p style=\"display: none !important;\" class=\"akismet-fields-container\" data-prefix=\"ak_\"><label>&#916;<textarea name=\"ak_hp_textarea\" cols=\"45\" rows=\"8\" maxlength=\"100\"><\/textarea><\/label><input type=\"hidden\" id=\"ak_js_1\" name=\"ak_js\" value=\"90\"\/><script>document.getElementById( \"ak_js_1\" ).setAttribute( \"value\", ( new Date() ).getTime() );<\/script><\/p><\/form>\n<\/div>\n<\/span><\/p><p><span style=\"background-color: transparent; font-size: 16px; letter-spacing: 0.15px; text-align: justify;\">Suite \u00e0 la loi RGPD du 25 mai 2018 relative \u00e0 la protection des donn\u00e9es personnelles, nous vous informons que les informations personnelles que vous nous transmettez ne sont pas conserv\u00e9es. Les informations transmises via le formulaire ci-dessous ne sont en aucun cas stock\u00e9es ou conserv\u00e9es, elles nous permettrons uniquement de r\u00e9pondre \u00e0 vos demandes particuli\u00e8res.<\/span><\/p><h5 style=\"text-align: justify;\"><strong><span style=\"color: #ff6404;\">Vous pouvez \u00e9galement nous contacter par t\u00e9l\u00e9phone, au <\/span>07 83 34 92 33<span style=\"color: #ff6404;\">.<\/span><\/strong><\/h5>\t\t\t\t\t\t<\/div>\n\t\t\t\t<\/div>\n\t\t\t\t\t<\/div>\n\t\t\t\t<\/div>\n\t\t\t\t<\/div>\n\t\t","protected":false},"excerpt":{"rendered":"<p>L\u2019agence Press\u2019 Paradoxe est \u00e0 votre disposition pour tout renseignement par mail via le formulaire de contact ci-dessous : Suite \u00e0 la loi RGPD du 25 mai 2018 relative \u00e0 la protection des donn\u00e9es personnelles, nous vous informons que les&#8230;<\/p>\n","protected":false},"author":1,"featured_media":0,"parent":0,"menu_order":0,"comment_status":"closed","ping_status":"closed","template":"","meta":{"footnotes":""},"class_list":["post-8","page","type-page","status-publish","hentry"],"yoast_head":"<!-- This site is optimized with the Yoast SEO plugin v23.5 - https:\/\/yoast.com\/wordpress\/plugins\/seo\/ -->\n<title>Contact - Press&#039;Paradoxe<\/title>\n<meta name=\"robots\" content=\"index, follow, max-snippet:-1, max-image-preview:large, max-video-preview:-1\" \/>\n<link rel=\"canonical\" href=\"https:\/\/pressparadoxe.com\/index.php\/contact\/\" \/>\n<meta property=\"og:locale\" content=\"fr_FR\" \/>\n<meta property=\"og:type\" content=\"article\" \/>\n<meta property=\"og:title\" content=\"Contact - Press&#039;Paradoxe\" \/>\n<meta property=\"og:description\" content=\"L\u2019agence Press\u2019 Paradoxe est \u00e0 votre disposition pour tout renseignement par mail via le formulaire de contact ci-dessous : Suite \u00e0 la loi RGPD du 25 mai 2018 relative \u00e0 la protection des donn\u00e9es personnelles, nous vous informons que les...\" \/>\n<meta property=\"og:url\" content=\"https:\/\/pressparadoxe.com\/index.php\/contact\/\" \/>\n<meta property=\"og:site_name\" content=\"Press&#039;Paradoxe\" \/>\n<meta property=\"article:modified_time\" content=\"2024-06-03T07:32:14+00:00\" \/>\n<meta name=\"twitter:card\" content=\"summary_large_image\" \/>\n<meta name=\"twitter:label1\" content=\"Dur\u00e9e de lecture estim\u00e9e\" \/>\n\t<meta name=\"twitter:data1\" content=\"1 minute\" \/>\n<script type=\"application\/ld+json\" class=\"yoast-schema-graph\">{\"@context\":\"https:\/\/schema.org\",\"@graph\":[{\"@type\":\"WebPage\",\"@id\":\"https:\/\/pressparadoxe.com\/index.php\/contact\/\",\"url\":\"https:\/\/pressparadoxe.com\/index.php\/contact\/\",\"name\":\"Contact - Press&#039;Paradoxe\",\"isPartOf\":{\"@id\":\"https:\/\/pressparadoxe.com\/#website\"},\"datePublished\":\"2024-03-30T12:47:22+00:00\",\"dateModified\":\"2024-06-03T07:32:14+00:00\",\"breadcrumb\":{\"@id\":\"https:\/\/pressparadoxe.com\/index.php\/contact\/#breadcrumb\"},\"inLanguage\":\"fr-FR\",\"potentialAction\":[{\"@type\":\"ReadAction\",\"target\":[\"https:\/\/pressparadoxe.com\/index.php\/contact\/\"]}]},{\"@type\":\"BreadcrumbList\",\"@id\":\"https:\/\/pressparadoxe.com\/index.php\/contact\/#breadcrumb\",\"itemListElement\":[{\"@type\":\"ListItem\",\"position\":1,\"name\":\"Accueil\",\"item\":\"https:\/\/pressparadoxe.com\/\"},{\"@type\":\"ListItem\",\"position\":2,\"name\":\"Contact\"}]},{\"@type\":\"WebSite\",\"@id\":\"https:\/\/pressparadoxe.com\/#website\",\"url\":\"https:\/\/pressparadoxe.com\/\",\"name\":\"Press&#039;Paradoxe\",\"description\":\"La com\u2019 a contre sens \ud83c\udf00\",\"publisher\":{\"@id\":\"https:\/\/pressparadoxe.com\/#organization\"},\"potentialAction\":[{\"@type\":\"SearchAction\",\"target\":{\"@type\":\"EntryPoint\",\"urlTemplate\":\"https:\/\/pressparadoxe.com\/?s={search_term_string}\"},\"query-input\":{\"@type\":\"PropertyValueSpecification\",\"valueRequired\":true,\"valueName\":\"search_term_string\"}}],\"inLanguage\":\"fr-FR\"},{\"@type\":\"Organization\",\"@id\":\"https:\/\/pressparadoxe.com\/#organization\",\"name\":\"Press&#039;Paradoxe\",\"url\":\"https:\/\/pressparadoxe.com\/\",\"logo\":{\"@type\":\"ImageObject\",\"inLanguage\":\"fr-FR\",\"@id\":\"https:\/\/pressparadoxe.com\/#\/schema\/logo\/image\/\",\"url\":\"https:\/\/pressparadoxe.com\/wp-content\/uploads\/2024\/03\/cropped-IMG_7676-1.png\",\"contentUrl\":\"https:\/\/pressparadoxe.com\/wp-content\/uploads\/2024\/03\/cropped-IMG_7676-1.png\",\"width\":464,\"height\":250,\"caption\":\"Press&#039;Paradoxe\"},\"image\":{\"@id\":\"https:\/\/pressparadoxe.com\/#\/schema\/logo\/image\/\"}}]}<\/script>\n<!-- \/ Yoast SEO plugin. -->","yoast_head_json":{"title":"Contact - Press&#039;Paradoxe","robots":{"index":"index","follow":"follow","max-snippet":"max-snippet:-1","max-image-preview":"max-image-preview:large","max-video-preview":"max-video-preview:-1"},"canonical":"https:\/\/pressparadoxe.com\/index.php\/contact\/","og_locale":"fr_FR","og_type":"article","og_title":"Contact - Press&#039;Paradoxe","og_description":"L\u2019agence Press\u2019 Paradoxe est \u00e0 votre disposition pour tout renseignement par mail via le formulaire de contact ci-dessous : Suite \u00e0 la loi RGPD du 25 mai 2018 relative \u00e0 la protection des donn\u00e9es personnelles, nous vous informons que les...","og_url":"https:\/\/pressparadoxe.com\/index.php\/contact\/","og_site_name":"Press&#039;Paradoxe","article_modified_time":"2024-06-03T07:32:14+00:00","twitter_card":"summary_large_image","twitter_misc":{"Dur\u00e9e de lecture estim\u00e9e":"1 minute"},"schema":{"@context":"https:\/\/schema.org","@graph":[{"@type":"WebPage","@id":"https:\/\/pressparadoxe.com\/index.php\/contact\/","url":"https:\/\/pressparadoxe.com\/index.php\/contact\/","name":"Contact - Press&#039;Paradoxe","isPartOf":{"@id":"https:\/\/pressparadoxe.com\/#website"},"datePublished":"2024-03-30T12:47:22+00:00","dateModified":"2024-06-03T07:32:14+00:00","breadcrumb":{"@id":"https:\/\/pressparadoxe.com\/index.php\/contact\/#breadcrumb"},"inLanguage":"fr-FR","potentialAction":[{"@type":"ReadAction","target":["https:\/\/pressparadoxe.com\/index.php\/contact\/"]}]},{"@type":"BreadcrumbList","@id":"https:\/\/pressparadoxe.com\/index.php\/contact\/#breadcrumb","itemListElement":[{"@type":"ListItem","position":1,"name":"Accueil","item":"https:\/\/pressparadoxe.com\/"},{"@type":"ListItem","position":2,"name":"Contact"}]},{"@type":"WebSite","@id":"https:\/\/pressparadoxe.com\/#website","url":"https:\/\/pressparadoxe.com\/","name":"Press&#039;Paradoxe","description":"La com\u2019 a contre sens \ud83c\udf00","publisher":{"@id":"https:\/\/pressparadoxe.com\/#organization"},"potentialAction":[{"@type":"SearchAction","target":{"@type":"EntryPoint","urlTemplate":"https:\/\/pressparadoxe.com\/?s={search_term_string}"},"query-input":{"@type":"PropertyValueSpecification","valueRequired":true,"valueName":"search_term_string"}}],"inLanguage":"fr-FR"},{"@type":"Organization","@id":"https:\/\/pressparadoxe.com\/#organization","name":"Press&#039;Paradoxe","url":"https:\/\/pressparadoxe.com\/","logo":{"@type":"ImageObject","inLanguage":"fr-FR","@id":"https:\/\/pressparadoxe.com\/#\/schema\/logo\/image\/","url":"https:\/\/pressparadoxe.com\/wp-content\/uploads\/2024\/03\/cropped-IMG_7676-1.png","contentUrl":"https:\/\/pressparadoxe.com\/wp-content\/uploads\/2024\/03\/cropped-IMG_7676-1.png","width":464,"height":250,"caption":"Press&#039;Paradoxe"},"image":{"@id":"https:\/\/pressparadoxe.com\/#\/schema\/logo\/image\/"}}]}},"_links":{"self":[{"href":"https:\/\/pressparadoxe.com\/index.php\/wp-json\/wp\/v2\/pages\/8","targetHints":{"allow":["GET"]}}],"collection":[{"href":"https:\/\/pressparadoxe.com\/index.php\/wp-json\/wp\/v2\/pages"}],"about":[{"href":"https:\/\/pressparadoxe.com\/index.php\/wp-json\/wp\/v2\/types\/page"}],"author":[{"embeddable":true,"href":"https:\/\/pressparadoxe.com\/index.php\/wp-json\/wp\/v2\/users\/1"}],"replies":[{"embeddable":true,"href":"https:\/\/pressparadoxe.com\/index.php\/wp-json\/wp\/v2\/comments?post=8"}],"version-history":[{"count":16,"href":"https:\/\/pressparadoxe.com\/index.php\/wp-json\/wp\/v2\/pages\/8\/revisions"}],"predecessor-version":[{"id":237,"href":"https:\/\/pressparadoxe.com\/index.php\/wp-json\/wp\/v2\/pages\/8\/revisions\/237"}],"wp:attachment":[{"href":"https:\/\/pressparadoxe.com\/index.php\/wp-json\/wp\/v2\/media?parent=8"}],"curies":[{"name":"wp","href":"https:\/\/api.w.org\/{rel}","templated":true}]}}