{"id":78,"date":"2024-04-02T22:38:14","date_gmt":"2024-04-02T20:38:14","guid":{"rendered":"https:\/\/pressparadoxe.com\/?page_id=78"},"modified":"2024-04-02T22:58:10","modified_gmt":"2024-04-02T20:58:10","slug":"reseaux-sociaux-redaction-web","status":"publish","type":"page","link":"https:\/\/pressparadoxe.com\/index.php\/reseaux-sociaux-redaction-web\/","title":{"rendered":"R\u00e9seaux sociaux &amp; r\u00e9daction web"},"content":{"rendered":"\t\t<div data-elementor-type=\"wp-page\" data-elementor-id=\"78\" class=\"elementor elementor-78\">\n\t\t\t\t<div class=\"elementor-element elementor-element-8232a7d e-flex e-con-boxed e-con e-parent\" data-id=\"8232a7d\" data-element_type=\"container\">\n\t\t\t\t\t<div class=\"e-con-inner\">\n\t\t\t\t<div class=\"elementor-element elementor-element-46aa04a elementor-widget elementor-widget-text-editor\" data-id=\"46aa04a\" data-element_type=\"widget\" data-widget_type=\"text-editor.default\">\n\t\t\t\t<div class=\"elementor-widget-container\">\n\t\t\t\t\t\t\t<h5><span style=\"color: #ff6404;\"><strong>L\u2019entreprise Press\u2019 Paradoxe vous propose plusieurs services :<\/strong><\/span><\/h5><h6><strong><br \/>LES RESEAUX SOCIAUX<\/strong><br \/>\u2013 La cr\u00e9ation de votre page Facebook<br \/>\u2013 La gestion de vos r\u00e9seaux sociaux (trois forfait sont disponibles : le forfait kiwi pour la gestion d\u2019un r\u00e9seau social, le forfait citron pour la gestion de 2 r\u00e9seaux sociaux et le forfait orange pour la gestion de 3 r\u00e9seaux sociaux)<br \/>\u2013 Publicit\u00e9 Facebook<\/h6><h6><b><br \/>R\u00c9DACTION<\/b><strong>\u00a0WEB<br \/><\/strong>R\u00e9daction et\/ou r\u00e9adaptation d\u2019articles :<br \/>&#8211; pour blog<br \/>&#8211; pour magazine<br \/>&#8211; pour site internet (r\u00e9daction de contenu de page)<\/h6><p>\u00a0<\/p><p><strong><em><span style=\"color: #ff6404;\">Tarifs et devis sur demande<\/span><\/em><\/strong><\/p>\t\t\t\t\t\t<\/div>\n\t\t\t\t<\/div>\n\t\t\t\t\t<\/div>\n\t\t\t\t<\/div>\n\t\t\t\t<\/div>\n\t\t","protected":false},"excerpt":{"rendered":"<p>L\u2019entreprise Press\u2019 Paradoxe vous propose plusieurs services : LES RESEAUX SOCIAUX\u2013 La cr\u00e9ation de votre page Facebook\u2013 La gestion de vos r\u00e9seaux sociaux (trois forfait sont disponibles : le forfait kiwi pour la gestion d\u2019un r\u00e9seau social, le forfait citron&#8230;<\/p>\n","protected":false},"author":1,"featured_media":0,"parent":0,"menu_order":0,"comment_status":"closed","ping_status":"closed","template":"","meta":{"footnotes":""},"class_list":["post-78","page","type-page","status-publish","hentry"],"yoast_head":"<!-- This site is optimized with the Yoast SEO plugin v23.5 - https:\/\/yoast.com\/wordpress\/plugins\/seo\/ -->\n<title>R\u00e9seaux sociaux &amp; r\u00e9daction web - Press&#039;Paradoxe<\/title>\n<meta name=\"robots\" content=\"index, follow, max-snippet:-1, max-image-preview:large, max-video-preview:-1\" \/>\n<link rel=\"canonical\" href=\"https:\/\/pressparadoxe.com\/index.php\/reseaux-sociaux-redaction-web\/\" \/>\n<meta property=\"og:locale\" content=\"fr_FR\" \/>\n<meta property=\"og:type\" content=\"article\" \/>\n<meta property=\"og:title\" content=\"R\u00e9seaux sociaux &amp; r\u00e9daction web - Press&#039;Paradoxe\" \/>\n<meta property=\"og:description\" content=\"L\u2019entreprise Press\u2019 Paradoxe vous propose plusieurs services : LES RESEAUX SOCIAUX\u2013 La cr\u00e9ation de votre page Facebook\u2013 La gestion de vos r\u00e9seaux sociaux (trois forfait sont disponibles : le forfait kiwi pour la gestion d\u2019un r\u00e9seau social, le forfait citron...\" \/>\n<meta property=\"og:url\" content=\"https:\/\/pressparadoxe.com\/index.php\/reseaux-sociaux-redaction-web\/\" \/>\n<meta property=\"og:site_name\" content=\"Press&#039;Paradoxe\" \/>\n<meta property=\"article:modified_time\" content=\"2024-04-02T20:58:10+00:00\" \/>\n<meta name=\"twitter:card\" content=\"summary_large_image\" \/>\n<meta name=\"twitter:label1\" content=\"Dur\u00e9e de lecture estim\u00e9e\" \/>\n\t<meta name=\"twitter:data1\" content=\"1 minute\" \/>\n<script type=\"application\/ld+json\" class=\"yoast-schema-graph\">{\"@context\":\"https:\/\/schema.org\",\"@graph\":[{\"@type\":\"WebPage\",\"@id\":\"https:\/\/pressparadoxe.com\/index.php\/reseaux-sociaux-redaction-web\/\",\"url\":\"https:\/\/pressparadoxe.com\/index.php\/reseaux-sociaux-redaction-web\/\",\"name\":\"R\u00e9seaux sociaux &amp; r\u00e9daction web - Press&#039;Paradoxe\",\"isPartOf\":{\"@id\":\"https:\/\/pressparadoxe.com\/#website\"},\"datePublished\":\"2024-04-02T20:38:14+00:00\",\"dateModified\":\"2024-04-02T20:58:10+00:00\",\"breadcrumb\":{\"@id\":\"https:\/\/pressparadoxe.com\/index.php\/reseaux-sociaux-redaction-web\/#breadcrumb\"},\"inLanguage\":\"fr-FR\",\"potentialAction\":[{\"@type\":\"ReadAction\",\"target\":[\"https:\/\/pressparadoxe.com\/index.php\/reseaux-sociaux-redaction-web\/\"]}]},{\"@type\":\"BreadcrumbList\",\"@id\":\"https:\/\/pressparadoxe.com\/index.php\/reseaux-sociaux-redaction-web\/#breadcrumb\",\"itemListElement\":[{\"@type\":\"ListItem\",\"position\":1,\"name\":\"Accueil\",\"item\":\"https:\/\/pressparadoxe.com\/\"},{\"@type\":\"ListItem\",\"position\":2,\"name\":\"R\u00e9seaux sociaux &amp; r\u00e9daction web\"}]},{\"@type\":\"WebSite\",\"@id\":\"https:\/\/pressparadoxe.com\/#website\",\"url\":\"https:\/\/pressparadoxe.com\/\",\"name\":\"Press&#039;Paradoxe\",\"description\":\"La com\u2019 a contre sens \ud83c\udf00\",\"publisher\":{\"@id\":\"https:\/\/pressparadoxe.com\/#organization\"},\"potentialAction\":[{\"@type\":\"SearchAction\",\"target\":{\"@type\":\"EntryPoint\",\"urlTemplate\":\"https:\/\/pressparadoxe.com\/?s={search_term_string}\"},\"query-input\":{\"@type\":\"PropertyValueSpecification\",\"valueRequired\":true,\"valueName\":\"search_term_string\"}}],\"inLanguage\":\"fr-FR\"},{\"@type\":\"Organization\",\"@id\":\"https:\/\/pressparadoxe.com\/#organization\",\"name\":\"Press&#039;Paradoxe\",\"url\":\"https:\/\/pressparadoxe.com\/\",\"logo\":{\"@type\":\"ImageObject\",\"inLanguage\":\"fr-FR\",\"@id\":\"https:\/\/pressparadoxe.com\/#\/schema\/logo\/image\/\",\"url\":\"https:\/\/pressparadoxe.com\/wp-content\/uploads\/2024\/03\/cropped-IMG_7676-1.png\",\"contentUrl\":\"https:\/\/pressparadoxe.com\/wp-content\/uploads\/2024\/03\/cropped-IMG_7676-1.png\",\"width\":464,\"height\":250,\"caption\":\"Press&#039;Paradoxe\"},\"image\":{\"@id\":\"https:\/\/pressparadoxe.com\/#\/schema\/logo\/image\/\"}}]}<\/script>\n<!-- \/ Yoast SEO plugin. -->","yoast_head_json":{"title":"R\u00e9seaux sociaux &amp; r\u00e9daction web - Press&#039;Paradoxe","robots":{"index":"index","follow":"follow","max-snippet":"max-snippet:-1","max-image-preview":"max-image-preview:large","max-video-preview":"max-video-preview:-1"},"canonical":"https:\/\/pressparadoxe.com\/index.php\/reseaux-sociaux-redaction-web\/","og_locale":"fr_FR","og_type":"article","og_title":"R\u00e9seaux sociaux &amp; r\u00e9daction web - Press&#039;Paradoxe","og_description":"L\u2019entreprise Press\u2019 Paradoxe vous propose plusieurs services : LES RESEAUX SOCIAUX\u2013 La cr\u00e9ation de votre page Facebook\u2013 La gestion de vos r\u00e9seaux sociaux (trois forfait sont disponibles : le forfait kiwi pour la gestion d\u2019un r\u00e9seau social, le forfait citron...","og_url":"https:\/\/pressparadoxe.com\/index.php\/reseaux-sociaux-redaction-web\/","og_site_name":"Press&#039;Paradoxe","article_modified_time":"2024-04-02T20:58:10+00:00","twitter_card":"summary_large_image","twitter_misc":{"Dur\u00e9e de lecture estim\u00e9e":"1 minute"},"schema":{"@context":"https:\/\/schema.org","@graph":[{"@type":"WebPage","@id":"https:\/\/pressparadoxe.com\/index.php\/reseaux-sociaux-redaction-web\/","url":"https:\/\/pressparadoxe.com\/index.php\/reseaux-sociaux-redaction-web\/","name":"R\u00e9seaux sociaux &amp; r\u00e9daction web - Press&#039;Paradoxe","isPartOf":{"@id":"https:\/\/pressparadoxe.com\/#website"},"datePublished":"2024-04-02T20:38:14+00:00","dateModified":"2024-04-02T20:58:10+00:00","breadcrumb":{"@id":"https:\/\/pressparadoxe.com\/index.php\/reseaux-sociaux-redaction-web\/#breadcrumb"},"inLanguage":"fr-FR","potentialAction":[{"@type":"ReadAction","target":["https:\/\/pressparadoxe.com\/index.php\/reseaux-sociaux-redaction-web\/"]}]},{"@type":"BreadcrumbList","@id":"https:\/\/pressparadoxe.com\/index.php\/reseaux-sociaux-redaction-web\/#breadcrumb","itemListElement":[{"@type":"ListItem","position":1,"name":"Accueil","item":"https:\/\/pressparadoxe.com\/"},{"@type":"ListItem","position":2,"name":"R\u00e9seaux sociaux &amp; r\u00e9daction web"}]},{"@type":"WebSite","@id":"https:\/\/pressparadoxe.com\/#website","url":"https:\/\/pressparadoxe.com\/","name":"Press&#039;Paradoxe","description":"La com\u2019 a contre sens \ud83c\udf00","publisher":{"@id":"https:\/\/pressparadoxe.com\/#organization"},"potentialAction":[{"@type":"SearchAction","target":{"@type":"EntryPoint","urlTemplate":"https:\/\/pressparadoxe.com\/?s={search_term_string}"},"query-input":{"@type":"PropertyValueSpecification","valueRequired":true,"valueName":"search_term_string"}}],"inLanguage":"fr-FR"},{"@type":"Organization","@id":"https:\/\/pressparadoxe.com\/#organization","name":"Press&#039;Paradoxe","url":"https:\/\/pressparadoxe.com\/","logo":{"@type":"ImageObject","inLanguage":"fr-FR","@id":"https:\/\/pressparadoxe.com\/#\/schema\/logo\/image\/","url":"https:\/\/pressparadoxe.com\/wp-content\/uploads\/2024\/03\/cropped-IMG_7676-1.png","contentUrl":"https:\/\/pressparadoxe.com\/wp-content\/uploads\/2024\/03\/cropped-IMG_7676-1.png","width":464,"height":250,"caption":"Press&#039;Paradoxe"},"image":{"@id":"https:\/\/pressparadoxe.com\/#\/schema\/logo\/image\/"}}]}},"_links":{"self":[{"href":"https:\/\/pressparadoxe.com\/index.php\/wp-json\/wp\/v2\/pages\/78","targetHints":{"allow":["GET"]}}],"collection":[{"href":"https:\/\/pressparadoxe.com\/index.php\/wp-json\/wp\/v2\/pages"}],"about":[{"href":"https:\/\/pressparadoxe.com\/index.php\/wp-json\/wp\/v2\/types\/page"}],"author":[{"embeddable":true,"href":"https:\/\/pressparadoxe.com\/index.php\/wp-json\/wp\/v2\/users\/1"}],"replies":[{"embeddable":true,"href":"https:\/\/pressparadoxe.com\/index.php\/wp-json\/wp\/v2\/comments?post=78"}],"version-history":[{"count":7,"href":"https:\/\/pressparadoxe.com\/index.php\/wp-json\/wp\/v2\/pages\/78\/revisions"}],"predecessor-version":[{"id":104,"href":"https:\/\/pressparadoxe.com\/index.php\/wp-json\/wp\/v2\/pages\/78\/revisions\/104"}],"wp:attachment":[{"href":"https:\/\/pressparadoxe.com\/index.php\/wp-json\/wp\/v2\/media?parent=78"}],"curies":[{"name":"wp","href":"https:\/\/api.w.org\/{rel}","templated":true}]}}