{"id":7,"date":"2024-03-30T13:47:22","date_gmt":"2024-03-30T12:47:22","guid":{"rendered":"https:\/\/pressparadoxe.com\/?page_id=7"},"modified":"2024-04-02T22:36:09","modified_gmt":"2024-04-02T20:36:09","slug":"a-propos","status":"publish","type":"page","link":"https:\/\/pressparadoxe.com\/index.php\/a-propos\/","title":{"rendered":"\u00c0 propos"},"content":{"rendered":"\t\t<div data-elementor-type=\"wp-page\" data-elementor-id=\"7\" class=\"elementor elementor-7\">\n\t\t\t\t<div class=\"elementor-element elementor-element-bc09513 e-flex e-con-boxed e-con e-parent\" data-id=\"bc09513\" data-element_type=\"container\">\n\t\t\t\t\t<div class=\"e-con-inner\">\n\t\t\t\t<div class=\"elementor-element elementor-element-6da7d362 elementor-widget elementor-widget-text-editor\" data-id=\"6da7d362\" data-element_type=\"widget\" data-widget_type=\"text-editor.default\">\n\t\t\t\t<div class=\"elementor-widget-container\">\n\t\t\t\t\t\t\t<p><!-- wp:cover {\"overlayColor\":\"nv-site-bg\",\"minHeight\":300,\"align\":\"full\"} --><\/p>\n<div style=\"min-height:300px\">\n<div>\n<p><!-- wp:group --><\/p>\n<div>\n<div>\n<p><!-- wp:heading {\"level\":1,\"className\":\"has-text-align-left\",\"textColor\":\"neve-text-color\"} --><\/p>\n<h1><br>L&rsquo;agence Press&rsquo;Paradoxe<br><br><p><\/p>\n<p style=\"box-sizing: inherit; font-family: Ubuntu, sans-serif; font-size: 18px; margin-right: 0px; margin-bottom: 1.6em; margin-left: 0px; padding: 0px; vertical-align: baseline; border: 0px; outline: 0px; color: rgb(68, 67, 64); text-align: justify;\">Press\u2019 Paradoxe est une agence de communication freelance qui a \u00e9t\u00e9 lanc\u00e9e en 2018 par Melissa Helfer.<\/p>\n<p style=\"box-sizing: inherit; font-family: Ubuntu, sans-serif; font-size: 18px; margin: 0px 0px 1.6em; padding: 0px; vertical-align: baseline; border: 0px; outline: 0px; color: rgb(68, 67, 64); text-align: justify;\">Les services propos\u00e9s s\u2019adresse aussi bien aux entreprises qu&rsquo;aux particuliers qui cherchent \u00e0 gagner en visibilit\u00e9.<\/p>\n<p style=\"box-sizing: inherit; font-family: Ubuntu, sans-serif; font-size: 18px; margin: 0px 0px 1.6em; padding: 0px; vertical-align: baseline; border: 0px; outline: 0px; color: rgb(68, 67, 64); text-align: justify;\">Nous vous proposons divers services tels que la gestion de vos r\u00e9seaux sociaux, la gestion de campagnes publicitaires sur les r\u00e9seaux sociaux, la cr\u00e9ation graphique et l&rsquo;identit\u00e9 visuelle (logo, carte de visite, flyer, brochure, affiche, etc&#8230;). Nous proposons \u00e9galement la r\u00e9daction d\u2019articles SEO et de documents divers (communiqu\u00e9 de presse, dossier de presse, etc&#8230;).<\/p>\n<p style=\"box-sizing: inherit; font-family: Ubuntu, sans-serif; font-size: 18px; margin: 0px 0px 1.6em; padding: 0px; vertical-align: baseline; border: 0px; outline: 0px; color: rgb(68, 67, 64); text-align: justify;\">N\u2019h\u00e9sitez pas \u00e0 nous contacter pour en savoir plus !<\/p><\/h1><\/div><\/div><\/div><\/div>\n<p><!-- \/wp:cover --><\/p>\t\t\t\t\t\t<\/div>\n\t\t\t\t<\/div>\n\t\t\t\t\t<\/div>\n\t\t\t\t<\/div>\n\t\t\t\t<\/div>\n\t\t","protected":false},"excerpt":{"rendered":"<p>L&rsquo;agence Press&rsquo;Paradoxe Press\u2019 Paradoxe est une agence de communication freelance qui a \u00e9t\u00e9 lanc\u00e9e en 2018 par Melissa Helfer. Les services propos\u00e9s s\u2019adresse aussi bien aux entreprises qu&rsquo;aux particuliers qui cherchent \u00e0 gagner en visibilit\u00e9. Nous vous proposons divers services&#8230;<\/p>\n","protected":false},"author":1,"featured_media":0,"parent":0,"menu_order":0,"comment_status":"closed","ping_status":"closed","template":"","meta":{"footnotes":""},"class_list":["post-7","page","type-page","status-publish","hentry"],"yoast_head":"<!-- This site is optimized with the Yoast SEO plugin v23.5 - https:\/\/yoast.com\/wordpress\/plugins\/seo\/ -->\n<title>L&#039;agence Press&#039;Paradoxe<\/title>\n<meta name=\"description\" content=\"Press&#039;Paradoxe est une agence de communication freelance proposant divers services en r\u00e9daction, web et graphisme.\" \/>\n<meta name=\"robots\" content=\"index, follow, max-snippet:-1, max-image-preview:large, max-video-preview:-1\" \/>\n<link rel=\"canonical\" href=\"https:\/\/pressparadoxe.com\/index.php\/a-propos\/\" \/>\n<meta property=\"og:locale\" content=\"fr_FR\" \/>\n<meta property=\"og:type\" content=\"article\" \/>\n<meta property=\"og:title\" content=\"L&#039;agence Press&#039;Paradoxe\" \/>\n<meta property=\"og:description\" content=\"Press&#039;Paradoxe est une agence de communication freelance proposant divers services en r\u00e9daction, web et graphisme.\" \/>\n<meta property=\"og:url\" content=\"https:\/\/pressparadoxe.com\/index.php\/a-propos\/\" \/>\n<meta property=\"og:site_name\" content=\"Press&#039;Paradoxe\" \/>\n<meta property=\"article:modified_time\" content=\"2024-04-02T20:36:09+00:00\" \/>\n<meta name=\"twitter:card\" content=\"summary_large_image\" \/>\n<meta name=\"twitter:label1\" content=\"Dur\u00e9e de lecture estim\u00e9e\" \/>\n\t<meta name=\"twitter:data1\" content=\"1 minute\" \/>\n<script type=\"application\/ld+json\" class=\"yoast-schema-graph\">{\"@context\":\"https:\/\/schema.org\",\"@graph\":[{\"@type\":\"WebPage\",\"@id\":\"https:\/\/pressparadoxe.com\/index.php\/a-propos\/\",\"url\":\"https:\/\/pressparadoxe.com\/index.php\/a-propos\/\",\"name\":\"L'agence Press'Paradoxe\",\"isPartOf\":{\"@id\":\"https:\/\/pressparadoxe.com\/#website\"},\"datePublished\":\"2024-03-30T12:47:22+00:00\",\"dateModified\":\"2024-04-02T20:36:09+00:00\",\"description\":\"Press'Paradoxe est une agence de communication freelance proposant divers services en r\u00e9daction, web et graphisme.\",\"breadcrumb\":{\"@id\":\"https:\/\/pressparadoxe.com\/index.php\/a-propos\/#breadcrumb\"},\"inLanguage\":\"fr-FR\",\"potentialAction\":[{\"@type\":\"ReadAction\",\"target\":[\"https:\/\/pressparadoxe.com\/index.php\/a-propos\/\"]}]},{\"@type\":\"BreadcrumbList\",\"@id\":\"https:\/\/pressparadoxe.com\/index.php\/a-propos\/#breadcrumb\",\"itemListElement\":[{\"@type\":\"ListItem\",\"position\":1,\"name\":\"Accueil\",\"item\":\"https:\/\/pressparadoxe.com\/\"},{\"@type\":\"ListItem\",\"position\":2,\"name\":\"\u00c0 propos\"}]},{\"@type\":\"WebSite\",\"@id\":\"https:\/\/pressparadoxe.com\/#website\",\"url\":\"https:\/\/pressparadoxe.com\/\",\"name\":\"Press&#039;Paradoxe\",\"description\":\"La com\u2019 a contre sens \ud83c\udf00\",\"publisher\":{\"@id\":\"https:\/\/pressparadoxe.com\/#organization\"},\"potentialAction\":[{\"@type\":\"SearchAction\",\"target\":{\"@type\":\"EntryPoint\",\"urlTemplate\":\"https:\/\/pressparadoxe.com\/?s={search_term_string}\"},\"query-input\":{\"@type\":\"PropertyValueSpecification\",\"valueRequired\":true,\"valueName\":\"search_term_string\"}}],\"inLanguage\":\"fr-FR\"},{\"@type\":\"Organization\",\"@id\":\"https:\/\/pressparadoxe.com\/#organization\",\"name\":\"Press&#039;Paradoxe\",\"url\":\"https:\/\/pressparadoxe.com\/\",\"logo\":{\"@type\":\"ImageObject\",\"inLanguage\":\"fr-FR\",\"@id\":\"https:\/\/pressparadoxe.com\/#\/schema\/logo\/image\/\",\"url\":\"https:\/\/pressparadoxe.com\/wp-content\/uploads\/2024\/03\/cropped-IMG_7676-1.png\",\"contentUrl\":\"https:\/\/pressparadoxe.com\/wp-content\/uploads\/2024\/03\/cropped-IMG_7676-1.png\",\"width\":464,\"height\":250,\"caption\":\"Press&#039;Paradoxe\"},\"image\":{\"@id\":\"https:\/\/pressparadoxe.com\/#\/schema\/logo\/image\/\"}}]}<\/script>\n<!-- \/ Yoast SEO plugin. -->","yoast_head_json":{"title":"L'agence Press'Paradoxe","description":"Press'Paradoxe est une agence de communication freelance proposant divers services en r\u00e9daction, web et graphisme.","robots":{"index":"index","follow":"follow","max-snippet":"max-snippet:-1","max-image-preview":"max-image-preview:large","max-video-preview":"max-video-preview:-1"},"canonical":"https:\/\/pressparadoxe.com\/index.php\/a-propos\/","og_locale":"fr_FR","og_type":"article","og_title":"L'agence Press'Paradoxe","og_description":"Press'Paradoxe est une agence de communication freelance proposant divers services en r\u00e9daction, web et graphisme.","og_url":"https:\/\/pressparadoxe.com\/index.php\/a-propos\/","og_site_name":"Press&#039;Paradoxe","article_modified_time":"2024-04-02T20:36:09+00:00","twitter_card":"summary_large_image","twitter_misc":{"Dur\u00e9e de lecture estim\u00e9e":"1 minute"},"schema":{"@context":"https:\/\/schema.org","@graph":[{"@type":"WebPage","@id":"https:\/\/pressparadoxe.com\/index.php\/a-propos\/","url":"https:\/\/pressparadoxe.com\/index.php\/a-propos\/","name":"L'agence Press'Paradoxe","isPartOf":{"@id":"https:\/\/pressparadoxe.com\/#website"},"datePublished":"2024-03-30T12:47:22+00:00","dateModified":"2024-04-02T20:36:09+00:00","description":"Press'Paradoxe est une agence de communication freelance proposant divers services en r\u00e9daction, web et graphisme.","breadcrumb":{"@id":"https:\/\/pressparadoxe.com\/index.php\/a-propos\/#breadcrumb"},"inLanguage":"fr-FR","potentialAction":[{"@type":"ReadAction","target":["https:\/\/pressparadoxe.com\/index.php\/a-propos\/"]}]},{"@type":"BreadcrumbList","@id":"https:\/\/pressparadoxe.com\/index.php\/a-propos\/#breadcrumb","itemListElement":[{"@type":"ListItem","position":1,"name":"Accueil","item":"https:\/\/pressparadoxe.com\/"},{"@type":"ListItem","position":2,"name":"\u00c0 propos"}]},{"@type":"WebSite","@id":"https:\/\/pressparadoxe.com\/#website","url":"https:\/\/pressparadoxe.com\/","name":"Press&#039;Paradoxe","description":"La com\u2019 a contre sens \ud83c\udf00","publisher":{"@id":"https:\/\/pressparadoxe.com\/#organization"},"potentialAction":[{"@type":"SearchAction","target":{"@type":"EntryPoint","urlTemplate":"https:\/\/pressparadoxe.com\/?s={search_term_string}"},"query-input":{"@type":"PropertyValueSpecification","valueRequired":true,"valueName":"search_term_string"}}],"inLanguage":"fr-FR"},{"@type":"Organization","@id":"https:\/\/pressparadoxe.com\/#organization","name":"Press&#039;Paradoxe","url":"https:\/\/pressparadoxe.com\/","logo":{"@type":"ImageObject","inLanguage":"fr-FR","@id":"https:\/\/pressparadoxe.com\/#\/schema\/logo\/image\/","url":"https:\/\/pressparadoxe.com\/wp-content\/uploads\/2024\/03\/cropped-IMG_7676-1.png","contentUrl":"https:\/\/pressparadoxe.com\/wp-content\/uploads\/2024\/03\/cropped-IMG_7676-1.png","width":464,"height":250,"caption":"Press&#039;Paradoxe"},"image":{"@id":"https:\/\/pressparadoxe.com\/#\/schema\/logo\/image\/"}}]}},"_links":{"self":[{"href":"https:\/\/pressparadoxe.com\/index.php\/wp-json\/wp\/v2\/pages\/7","targetHints":{"allow":["GET"]}}],"collection":[{"href":"https:\/\/pressparadoxe.com\/index.php\/wp-json\/wp\/v2\/pages"}],"about":[{"href":"https:\/\/pressparadoxe.com\/index.php\/wp-json\/wp\/v2\/types\/page"}],"author":[{"embeddable":true,"href":"https:\/\/pressparadoxe.com\/index.php\/wp-json\/wp\/v2\/users\/1"}],"replies":[{"embeddable":true,"href":"https:\/\/pressparadoxe.com\/index.php\/wp-json\/wp\/v2\/comments?post=7"}],"version-history":[{"count":4,"href":"https:\/\/pressparadoxe.com\/index.php\/wp-json\/wp\/v2\/pages\/7\/revisions"}],"predecessor-version":[{"id":74,"href":"https:\/\/pressparadoxe.com\/index.php\/wp-json\/wp\/v2\/pages\/7\/revisions\/74"}],"wp:attachment":[{"href":"https:\/\/pressparadoxe.com\/index.php\/wp-json\/wp\/v2\/media?parent=7"}],"curies":[{"name":"wp","href":"https:\/\/api.w.org\/{rel}","templated":true}]}}