{"id":6,"date":"2024-03-30T13:47:22","date_gmt":"2024-03-30T12:47:22","guid":{"rendered":"https:\/\/pressparadoxe.com\/?page_id=6"},"modified":"2024-05-02T17:50:38","modified_gmt":"2024-05-02T15:50:38","slug":"accueil","status":"publish","type":"page","link":"https:\/\/pressparadoxe.com\/","title":{"rendered":"Accueil"},"content":{"rendered":"\n<div class=\"wp-block-cover alignfull is-light wp-duotone-ff6404-ffffff-1\" style=\"min-height:700px;aspect-ratio:unset;\"><span aria-hidden=\"true\" class=\"wp-block-cover__background has-background-dim-0 has-background-dim\"><\/span><img fetchpriority=\"high\" decoding=\"async\" width=\"1280\" height=\"853\" class=\"wp-block-cover__image-background wp-image-207\" alt=\"\" src=\"https:\/\/pressparadoxe.com\/wp-content\/uploads\/2024\/05\/pexels-tamanna-rumee-52377920-8755283.jpg\" data-object-fit=\"cover\" srcset=\"https:\/\/pressparadoxe.com\/wp-content\/uploads\/2024\/05\/pexels-tamanna-rumee-52377920-8755283.jpg 1280w, https:\/\/pressparadoxe.com\/wp-content\/uploads\/2024\/05\/pexels-tamanna-rumee-52377920-8755283-300x200.jpg 300w, https:\/\/pressparadoxe.com\/wp-content\/uploads\/2024\/05\/pexels-tamanna-rumee-52377920-8755283-1024x682.jpg 1024w, https:\/\/pressparadoxe.com\/wp-content\/uploads\/2024\/05\/pexels-tamanna-rumee-52377920-8755283-768x512.jpg 768w\" sizes=\"(max-width: 1280px) 100vw, 1280px\" \/><div class=\"wp-block-cover__inner-container is-layout-flow wp-block-cover-is-layout-flow\">\n<div style=\"height:80px\" aria-hidden=\"true\" class=\"wp-block-spacer\"><\/div>\n\n\n\n<h1 class=\"wp-block-heading has-text-align-center has-text-color\" style=\"color:#121212\"><mark style=\"background-color:rgba(0, 0, 0, 0)\" class=\"has-inline-color has-black-color\">La com&rsquo; a contre sens <strong>\ud83c\udf00<\/strong><\/mark><\/h1>\n\n\n\n<p class=\"has-text-align-center has-text-color\" style=\"color:#121212;font-size:18px\"><mark style=\"background-color:rgba(0, 0, 0, 0)\" class=\"has-inline-color has-black-color\"><strong>Press&rsquo;Paradoxe vous accompagne dans votre communication digitale et graphique<\/strong><\/mark><\/p>\n\n\n\n<div style=\"height:18px\" aria-hidden=\"true\" class=\"wp-block-spacer\"><\/div>\n\n\n\n<div class=\"wp-block-buttons is-content-justification-center is-layout-flex wp-container-core-buttons-is-layout-16018d1d wp-block-buttons-is-layout-flex\">\n<div class=\"wp-block-button is-style-primary\"><a class=\"wp-block-button__link wp-element-button\" href=\"https:\/\/pressparadoxe.com\/index.php\/a-propos\/\" target=\"_blank\" rel=\"noreferrer noopener\"><mark style=\"background-color:rgba(0, 0, 0, 0)\" class=\"has-inline-color has-white-color\">EN SAVOIR PLUS<\/mark><\/a><\/div>\n\n\n\n<div class=\"wp-block-button is-style-secondary\"><a class=\"wp-block-button__link wp-element-button\" href=\"https:\/\/pressparadoxe.com\/index.php\/portofolio\/\" target=\"_blank\" rel=\"noreferrer noopener\"><mark style=\"background-color:rgba(0, 0, 0, 0)\" class=\"has-inline-color has-white-color\">VOIR NOS TRAVAUX<\/mark><\/a><\/div>\n<\/div>\n\n\n\n<p><\/p>\n<\/div><\/div>\n\n\n\n<div style=\"height:80px\" aria-hidden=\"true\" class=\"wp-block-spacer\"><\/div>\n\n\n\n<div class=\"wp-block-columns is-layout-flex wp-container-core-columns-is-layout-9d6595d7 wp-block-columns-is-layout-flex\">\n<div class=\"wp-block-column is-layout-flow wp-block-column-is-layout-flow\"><div class=\"wp-block-image is-resized icon-style is-style-default\">\n<figure class=\"aligncenter\"><img decoding=\"async\" src=\"https:\/\/pressparadoxe.com\/wp-content\/themes\/neve\/assets\/img\/starter-content\/icon-03.svg\" alt=\"\"\/><\/figure>\n<\/div>\n\n\n<div style=\"height:20px\" aria-hidden=\"true\" class=\"wp-block-spacer\"><\/div>\n\n\n\n<h3 class=\"wp-block-heading has-text-align-center has-neve-text-color-color has-text-color\"><mark style=\"background-color:rgba(0, 0, 0, 0);color:#ff6404\" class=\"has-inline-color\">R\u00e9seaux sociaux <br>&amp; <br>R\u00e9daction<\/mark><\/h3>\n\n\n\n<p class=\"has-text-align-center\">Nous r\u00e9alisons vos communiqu\u00e9s de presse et vos dossiers de presse. Nous r\u00e9digeons vos articles de blog et mettons en page vos documents. Nous g\u00e9rons \u00e9galement vos divers r\u00e9seaux sociaux (Facebook, Instagram, Threads\/Twitter, TikTok&#8230;).<\/p>\n\n\n\n<div style=\"height:20px\" aria-hidden=\"true\" class=\"wp-block-spacer\"><\/div>\n<\/div>\n\n\n\n<div class=\"wp-block-column is-layout-flow wp-block-column-is-layout-flow\"><div class=\"wp-block-image is-resized icon-style is-style-default\">\n<figure class=\"aligncenter\"><img decoding=\"async\" src=\"https:\/\/pressparadoxe.com\/wp-content\/themes\/neve\/assets\/img\/starter-content\/icon-02.svg\" alt=\"\"\/><\/figure>\n<\/div>\n\n\n<div style=\"height:20px\" aria-hidden=\"true\" class=\"wp-block-spacer\"><\/div>\n\n\n\n<h3 class=\"wp-block-heading has-text-align-center has-neve-text-color-color has-text-color\"><mark style=\"background-color:rgba(0, 0, 0, 0);color:#ff6404\" class=\"has-inline-color\">Graphisme <br>&amp; <br>Print<\/mark><\/h3>\n\n\n\n<p class=\"has-text-align-center\">Nous r\u00e9alisons la conception graphique de vos divers documents (carte de visite, d\u00e9pliant, flyers, affiches..).<br>Sur demande, nous pouvons \u00e9galement prendre en charge l&rsquo;impression aupr\u00e8s de l&rsquo;un de partenaires imprimeurs.<\/p>\n\n\n\n<div style=\"height:20px\" aria-hidden=\"true\" class=\"wp-block-spacer\"><\/div>\n<\/div>\n\n\n\n<div class=\"wp-block-column is-layout-flow wp-block-column-is-layout-flow\"><div class=\"wp-block-image is-resized icon-style is-style-rounded\">\n<figure class=\"aligncenter\"><img decoding=\"async\" src=\"https:\/\/pressparadoxe.com\/wp-content\/themes\/neve\/assets\/img\/starter-content\/icon-01.svg\" alt=\"\"\/><\/figure>\n<\/div>\n\n\n<div style=\"height:20px\" aria-hidden=\"true\" class=\"wp-block-spacer\"><\/div>\n\n\n\n<h3 class=\"wp-block-heading has-text-align-center has-neve-text-color-color has-text-color\"><mark style=\"background-color:rgba(0, 0, 0, 0);color:#ff6404\" class=\"has-inline-color\">Strat\u00e9gie <br>&amp; <br>Relation Presse<\/mark><\/h3>\n\n\n\n<p class=\"has-text-align-center\">Nous r\u00e9alisons les plans de communication  en fonction de vos besoins et objectifs. Nous proposons \u00e9galement la prise en charge de vos relations avec la presse (communication de communiqu\u00e9 ou de dossier de presse, information d&rsquo;un \u00e9v\u00e9nement \u00e0 venir&#8230;).<\/p>\n\n\n\n<div style=\"height:20px\" aria-hidden=\"true\" class=\"wp-block-spacer\"><\/div>\n<\/div>\n<\/div>\n\n\n\n<div style=\"height:40px\" aria-hidden=\"true\" class=\"wp-block-spacer\"><\/div>\n\n\n\n<div class=\"wp-block-cover alignfull is-light wp-duotone-ff6404-ffffff-2\" style=\"min-height:300px;aspect-ratio:unset;\"><span aria-hidden=\"true\" class=\"wp-block-cover__background has-nv-dark-bg-background-color has-background-dim-0 has-background-dim\"><\/span><img decoding=\"async\" width=\"1280\" height=\"853\" class=\"wp-block-cover__image-background wp-image-205\" alt=\"\" src=\"http:\/\/pressparadoxe.com\/wp-content\/uploads\/2024\/05\/pexels-turgay-koca-405356598-14918704.jpg\" data-object-fit=\"cover\" srcset=\"https:\/\/pressparadoxe.com\/wp-content\/uploads\/2024\/05\/pexels-turgay-koca-405356598-14918704.jpg 1280w, https:\/\/pressparadoxe.com\/wp-content\/uploads\/2024\/05\/pexels-turgay-koca-405356598-14918704-300x200.jpg 300w, https:\/\/pressparadoxe.com\/wp-content\/uploads\/2024\/05\/pexels-turgay-koca-405356598-14918704-1024x682.jpg 1024w, https:\/\/pressparadoxe.com\/wp-content\/uploads\/2024\/05\/pexels-turgay-koca-405356598-14918704-768x512.jpg 768w\" sizes=\"(max-width: 1280px) 100vw, 1280px\" \/><div class=\"wp-block-cover__inner-container is-layout-flow wp-block-cover-is-layout-flow\">\n<div style=\"height:0px\" aria-hidden=\"true\" class=\"wp-block-spacer\"><\/div>\n\n\n\n<h2 class=\"wp-block-heading has-text-align-center has-nv-text-dark-bg-color has-text-color\"><br><br>Travaillons ensemble pour donner<br>vie \u00e0 vos projets<\/h2>\n\n\n\n<p class=\"has-text-align-center has-medium-font-size\">Communiquer c&rsquo;est offrir une image forte et impactante \u00e0 votre marque <br>ou \u00e0 votre entreprise pour \u00eatre vu et impacter les esprits<\/p>\n\n\n\n<div class=\"wp-block-buttons is-content-justification-center is-layout-flex wp-container-core-buttons-is-layout-16018d1d wp-block-buttons-is-layout-flex\">\n<div class=\"wp-block-button is-style-primary\"><a class=\"wp-block-button__link wp-element-button\" href=\"https:\/\/pressparadoxe.com\/index.php\/a-propos\/\" target=\"_blank\" rel=\"noreferrer noopener\"><mark style=\"background-color:rgba(0, 0, 0, 0)\" class=\"has-inline-color has-white-color\">EN SAVOIR PLUS<\/mark><\/a><\/div>\n<\/div>\n<\/div><\/div>\n","protected":false},"excerpt":{"rendered":"<p>R\u00e9seaux sociaux &amp; R\u00e9daction Nous r\u00e9alisons vos communiqu\u00e9s de presse et vos dossiers de presse. Nous r\u00e9digeons vos articles de blog et mettons en page vos documents. Nous g\u00e9rons \u00e9galement vos divers r\u00e9seaux sociaux (Facebook, Instagram, Threads\/Twitter, TikTok&#8230;). Graphisme &amp;&#8230;<\/p>\n","protected":false},"author":1,"featured_media":0,"parent":0,"menu_order":0,"comment_status":"closed","ping_status":"closed","template":"","meta":{"footnotes":""},"class_list":["post-6","page","type-page","status-publish","hentry"],"yoast_head":"<!-- This site is optimized with the Yoast SEO plugin v23.5 - https:\/\/yoast.com\/wordpress\/plugins\/seo\/ -->\n<title>Accueil - Press&#039;Paradoxe<\/title>\n<meta name=\"robots\" content=\"index, follow, max-snippet:-1, max-image-preview:large, max-video-preview:-1\" \/>\n<link rel=\"canonical\" href=\"https:\/\/pressparadoxe.com\/\" \/>\n<meta property=\"og:locale\" content=\"fr_FR\" \/>\n<meta property=\"og:type\" content=\"article\" \/>\n<meta property=\"og:title\" content=\"Accueil - Press&#039;Paradoxe\" \/>\n<meta property=\"og:description\" content=\"R\u00e9seaux sociaux &amp; R\u00e9daction Nous r\u00e9alisons vos communiqu\u00e9s de presse et vos dossiers de presse. Nous r\u00e9digeons vos articles de blog et mettons en page vos documents. Nous g\u00e9rons \u00e9galement vos divers r\u00e9seaux sociaux (Facebook, Instagram, Threads\/Twitter, TikTok&#8230;). Graphisme &amp;...\" \/>\n<meta property=\"og:url\" content=\"https:\/\/pressparadoxe.com\/\" \/>\n<meta property=\"og:site_name\" content=\"Press&#039;Paradoxe\" \/>\n<meta property=\"article:modified_time\" content=\"2024-05-02T15:50:38+00:00\" \/>\n<meta property=\"og:image\" content=\"https:\/\/pressparadoxe.com\/wp-content\/uploads\/2024\/05\/pexels-tamanna-rumee-52377920-8755283.jpg\" \/>\n<meta name=\"twitter:card\" content=\"summary_large_image\" \/>\n<meta name=\"twitter:label1\" content=\"Dur\u00e9e de lecture estim\u00e9e\" \/>\n\t<meta name=\"twitter:data1\" content=\"2 minutes\" \/>\n<script type=\"application\/ld+json\" class=\"yoast-schema-graph\">{\"@context\":\"https:\/\/schema.org\",\"@graph\":[{\"@type\":\"WebPage\",\"@id\":\"https:\/\/pressparadoxe.com\/\",\"url\":\"https:\/\/pressparadoxe.com\/\",\"name\":\"Accueil - Press&#039;Paradoxe\",\"isPartOf\":{\"@id\":\"https:\/\/pressparadoxe.com\/#website\"},\"primaryImageOfPage\":{\"@id\":\"https:\/\/pressparadoxe.com\/#primaryimage\"},\"image\":{\"@id\":\"https:\/\/pressparadoxe.com\/#primaryimage\"},\"thumbnailUrl\":\"https:\/\/pressparadoxe.com\/wp-content\/uploads\/2024\/05\/pexels-tamanna-rumee-52377920-8755283.jpg\",\"datePublished\":\"2024-03-30T12:47:22+00:00\",\"dateModified\":\"2024-05-02T15:50:38+00:00\",\"breadcrumb\":{\"@id\":\"https:\/\/pressparadoxe.com\/#breadcrumb\"},\"inLanguage\":\"fr-FR\",\"potentialAction\":[{\"@type\":\"ReadAction\",\"target\":[\"https:\/\/pressparadoxe.com\/\"]}]},{\"@type\":\"ImageObject\",\"inLanguage\":\"fr-FR\",\"@id\":\"https:\/\/pressparadoxe.com\/#primaryimage\",\"url\":\"https:\/\/pressparadoxe.com\/wp-content\/uploads\/2024\/05\/pexels-tamanna-rumee-52377920-8755283.jpg\",\"contentUrl\":\"https:\/\/pressparadoxe.com\/wp-content\/uploads\/2024\/05\/pexels-tamanna-rumee-52377920-8755283.jpg\",\"width\":1280,\"height\":853},{\"@type\":\"BreadcrumbList\",\"@id\":\"https:\/\/pressparadoxe.com\/#breadcrumb\",\"itemListElement\":[{\"@type\":\"ListItem\",\"position\":1,\"name\":\"Accueil\",\"item\":\"https:\/\/pressparadoxe.com\/\"},{\"@type\":\"ListItem\",\"position\":2,\"name\":\"Accueil\"}]},{\"@type\":\"WebSite\",\"@id\":\"https:\/\/pressparadoxe.com\/#website\",\"url\":\"https:\/\/pressparadoxe.com\/\",\"name\":\"Press&#039;Paradoxe\",\"description\":\"La com\u2019 a contre sens \ud83c\udf00\",\"publisher\":{\"@id\":\"https:\/\/pressparadoxe.com\/#organization\"},\"potentialAction\":[{\"@type\":\"SearchAction\",\"target\":{\"@type\":\"EntryPoint\",\"urlTemplate\":\"https:\/\/pressparadoxe.com\/?s={search_term_string}\"},\"query-input\":{\"@type\":\"PropertyValueSpecification\",\"valueRequired\":true,\"valueName\":\"search_term_string\"}}],\"inLanguage\":\"fr-FR\"},{\"@type\":\"Organization\",\"@id\":\"https:\/\/pressparadoxe.com\/#organization\",\"name\":\"Press&#039;Paradoxe\",\"url\":\"https:\/\/pressparadoxe.com\/\",\"logo\":{\"@type\":\"ImageObject\",\"inLanguage\":\"fr-FR\",\"@id\":\"https:\/\/pressparadoxe.com\/#\/schema\/logo\/image\/\",\"url\":\"https:\/\/pressparadoxe.com\/wp-content\/uploads\/2024\/03\/cropped-IMG_7676-1.png\",\"contentUrl\":\"https:\/\/pressparadoxe.com\/wp-content\/uploads\/2024\/03\/cropped-IMG_7676-1.png\",\"width\":464,\"height\":250,\"caption\":\"Press&#039;Paradoxe\"},\"image\":{\"@id\":\"https:\/\/pressparadoxe.com\/#\/schema\/logo\/image\/\"}}]}<\/script>\n<!-- \/ Yoast SEO plugin. -->","yoast_head_json":{"title":"Accueil - Press&#039;Paradoxe","robots":{"index":"index","follow":"follow","max-snippet":"max-snippet:-1","max-image-preview":"max-image-preview:large","max-video-preview":"max-video-preview:-1"},"canonical":"https:\/\/pressparadoxe.com\/","og_locale":"fr_FR","og_type":"article","og_title":"Accueil - Press&#039;Paradoxe","og_description":"R\u00e9seaux sociaux &amp; R\u00e9daction Nous r\u00e9alisons vos communiqu\u00e9s de presse et vos dossiers de presse. Nous r\u00e9digeons vos articles de blog et mettons en page vos documents. Nous g\u00e9rons \u00e9galement vos divers r\u00e9seaux sociaux (Facebook, Instagram, Threads\/Twitter, TikTok&#8230;). Graphisme &amp;...","og_url":"https:\/\/pressparadoxe.com\/","og_site_name":"Press&#039;Paradoxe","article_modified_time":"2024-05-02T15:50:38+00:00","og_image":[{"url":"https:\/\/pressparadoxe.com\/wp-content\/uploads\/2024\/05\/pexels-tamanna-rumee-52377920-8755283.jpg"}],"twitter_card":"summary_large_image","twitter_misc":{"Dur\u00e9e de lecture estim\u00e9e":"2 minutes"},"schema":{"@context":"https:\/\/schema.org","@graph":[{"@type":"WebPage","@id":"https:\/\/pressparadoxe.com\/","url":"https:\/\/pressparadoxe.com\/","name":"Accueil - Press&#039;Paradoxe","isPartOf":{"@id":"https:\/\/pressparadoxe.com\/#website"},"primaryImageOfPage":{"@id":"https:\/\/pressparadoxe.com\/#primaryimage"},"image":{"@id":"https:\/\/pressparadoxe.com\/#primaryimage"},"thumbnailUrl":"https:\/\/pressparadoxe.com\/wp-content\/uploads\/2024\/05\/pexels-tamanna-rumee-52377920-8755283.jpg","datePublished":"2024-03-30T12:47:22+00:00","dateModified":"2024-05-02T15:50:38+00:00","breadcrumb":{"@id":"https:\/\/pressparadoxe.com\/#breadcrumb"},"inLanguage":"fr-FR","potentialAction":[{"@type":"ReadAction","target":["https:\/\/pressparadoxe.com\/"]}]},{"@type":"ImageObject","inLanguage":"fr-FR","@id":"https:\/\/pressparadoxe.com\/#primaryimage","url":"https:\/\/pressparadoxe.com\/wp-content\/uploads\/2024\/05\/pexels-tamanna-rumee-52377920-8755283.jpg","contentUrl":"https:\/\/pressparadoxe.com\/wp-content\/uploads\/2024\/05\/pexels-tamanna-rumee-52377920-8755283.jpg","width":1280,"height":853},{"@type":"BreadcrumbList","@id":"https:\/\/pressparadoxe.com\/#breadcrumb","itemListElement":[{"@type":"ListItem","position":1,"name":"Accueil","item":"https:\/\/pressparadoxe.com\/"},{"@type":"ListItem","position":2,"name":"Accueil"}]},{"@type":"WebSite","@id":"https:\/\/pressparadoxe.com\/#website","url":"https:\/\/pressparadoxe.com\/","name":"Press&#039;Paradoxe","description":"La com\u2019 a contre sens \ud83c\udf00","publisher":{"@id":"https:\/\/pressparadoxe.com\/#organization"},"potentialAction":[{"@type":"SearchAction","target":{"@type":"EntryPoint","urlTemplate":"https:\/\/pressparadoxe.com\/?s={search_term_string}"},"query-input":{"@type":"PropertyValueSpecification","valueRequired":true,"valueName":"search_term_string"}}],"inLanguage":"fr-FR"},{"@type":"Organization","@id":"https:\/\/pressparadoxe.com\/#organization","name":"Press&#039;Paradoxe","url":"https:\/\/pressparadoxe.com\/","logo":{"@type":"ImageObject","inLanguage":"fr-FR","@id":"https:\/\/pressparadoxe.com\/#\/schema\/logo\/image\/","url":"https:\/\/pressparadoxe.com\/wp-content\/uploads\/2024\/03\/cropped-IMG_7676-1.png","contentUrl":"https:\/\/pressparadoxe.com\/wp-content\/uploads\/2024\/03\/cropped-IMG_7676-1.png","width":464,"height":250,"caption":"Press&#039;Paradoxe"},"image":{"@id":"https:\/\/pressparadoxe.com\/#\/schema\/logo\/image\/"}}]}},"_links":{"self":[{"href":"https:\/\/pressparadoxe.com\/index.php\/wp-json\/wp\/v2\/pages\/6","targetHints":{"allow":["GET"]}}],"collection":[{"href":"https:\/\/pressparadoxe.com\/index.php\/wp-json\/wp\/v2\/pages"}],"about":[{"href":"https:\/\/pressparadoxe.com\/index.php\/wp-json\/wp\/v2\/types\/page"}],"author":[{"embeddable":true,"href":"https:\/\/pressparadoxe.com\/index.php\/wp-json\/wp\/v2\/users\/1"}],"replies":[{"embeddable":true,"href":"https:\/\/pressparadoxe.com\/index.php\/wp-json\/wp\/v2\/comments?post=6"}],"version-history":[{"count":28,"href":"https:\/\/pressparadoxe.com\/index.php\/wp-json\/wp\/v2\/pages\/6\/revisions"}],"predecessor-version":[{"id":230,"href":"https:\/\/pressparadoxe.com\/index.php\/wp-json\/wp\/v2\/pages\/6\/revisions\/230"}],"wp:attachment":[{"href":"https:\/\/pressparadoxe.com\/index.php\/wp-json\/wp\/v2\/media?parent=6"}],"curies":[{"name":"wp","href":"https:\/\/api.w.org\/{rel}","templated":true}]}}