{"id":128,"date":"2024-04-29T16:06:25","date_gmt":"2024-04-29T14:06:25","guid":{"rendered":"https:\/\/pressparadoxe.com\/?page_id=128"},"modified":"2024-06-03T09:28:27","modified_gmt":"2024-06-03T07:28:27","slug":"mentions-legales","status":"publish","type":"page","link":"https:\/\/pressparadoxe.com\/index.php\/mentions-legales\/","title":{"rendered":"Mentions l\u00e9gales"},"content":{"rendered":"\t\t<div data-elementor-type=\"wp-page\" data-elementor-id=\"128\" class=\"elementor elementor-128\">\n\t\t\t\t<div class=\"elementor-element elementor-element-bc72738 e-flex e-con-boxed e-con e-parent\" data-id=\"bc72738\" data-element_type=\"container\">\n\t\t\t\t\t<div class=\"e-con-inner\">\n\t\t\t\t<div class=\"elementor-element elementor-element-6964293 elementor-widget elementor-widget-text-editor\" data-id=\"6964293\" data-element_type=\"widget\" data-widget_type=\"text-editor.default\">\n\t\t\t\t<div class=\"elementor-widget-container\">\n\t\t\t\t\t\t\t<header class=\"entry-header\"><h1 class=\"entry-title\" style=\"text-align: justify;\"><span style=\"color: var( --e-global-color-text ); font-family: var( --e-global-typography-text-font-family ), Sans-serif; font-weight: var( --e-global-typography-text-font-weight ); font-size: 15px;\">Le pr\u00e9sent site est \u00e9dit\u00e9 par l\u2019entreprise <\/span><span style=\"font-family: var( --e-global-typography-text-font-family ), Sans-serif; font-weight: var( --e-global-typography-text-font-weight ); font-size: 15px; color: #ff6404;\">PRESS\u2019PARADOXE<\/span><\/h1><\/header><div class=\"entry-content\"><p style=\"text-align: justify;\"><strong>Informations juridiques :<\/strong><br \/>SIRET : <span style=\"color: #ff6404;\">84196646800016<\/span><br \/>APE : <span style=\"color: #ff6404;\">7021Z<\/span> \/ <span style=\"color: #ff6404;\">Conseil en relations publiques et communication<\/span><\/p><p style=\"text-align: justify;\">Le directeur de la publication du site est Mademoiselle Melissa HELFER.<\/p><p style=\"text-align: justify;\">Les textes et photo de r\u00e9alisation sont la propri\u00e9t\u00e9 exclusive de l\u2019\u00e9diteur.<\/p><p style=\"text-align: justify;\">Toute repr\u00e9sentation totale ou partielle de ce site par quelque proc\u00e9d\u00e9 que se soit, sans l\u2019autorisation expresse et \u00e9crite de l\u2019\u00e9diteur, constituerait une contrefa\u00e7on sanctionn\u00e9e par les articles L.335-2 et suivants du Code de la propri\u00e9t\u00e9 intellectuelle. Il en est de m\u00eame des bases de donn\u00e9es figurant sur le site web, qui sont prot\u00e9g\u00e9es par les dispositions de la loi du 1er juillet 1998 portant transposition dans le Code de la propri\u00e9t\u00e9 intellectuelle de la directive europ\u00e9enne du 11 mars 1996 relative \u00e0 la protection juridique des bases de donn\u00e9es, et dont <span style=\"color: #ff6404;\">PRESS\u2019PARADOXE<\/span> est \u00e0 l\u2019origine.<\/p><p style=\"text-align: justify;\">Toute reproduction totale ou partielle de ces marques ou de ces logos, effectu\u00e9e \u00e0 partir des \u00e9l\u00e9ments du site sans l\u2019autorisation expresse de l\u2019\u00e9diteur est donc prohib\u00e9e, au sens de l\u2019article L.713-2 du Code de la propri\u00e9t\u00e9 intellectuelle.<\/p><p style=\"text-align: justify;\">L\u2019entreprise <span style=\"color: #ff6404;\">PRESS\u2019PARADOXE<\/span> met tout en oeuvre pour offrir aux utilisateurs des informations et\/ou outils disponibles et v\u00e9rifi\u00e9s, mais ne saurait \u00eatre tenu pour responsable des erreurs, d\u2019une absence de disponibilit\u00e9 des informations et\/ou de la pr\u00e9sence de virus sur son site.<\/p><p style=\"text-align: justify;\">Conform\u00e9ment \u00e0 la loi n\u00b078-17 du 6 janvier 1978 relative \u00e0 l\u2019informatique, aux fichiers et aux libert\u00e9s (loi dite Informatique et Libert\u00e9s), les utilisateurs disposent d\u2019un droit d\u2019acc\u00e8s (art. 34 \u00e0 38 de la loi) et de retrait (art. 26 de la loi) de toutes les donn\u00e9es \u00e0 caract\u00e8re personnel qui ont \u00e9t\u00e9 port\u00e9es \u00e0 la connaissance de <span style=\"color: #ff6404;\">PRESS\u2019PARADOXE<\/span> lors de l\u2019utilisation de son site Internet. De m\u00eame, les utilisateurs disposent du droit de s\u2019opposer \u00e0 la cession des donn\u00e9es. L\u2019exercice des droits d\u00e9crits ci-dessus est possible en envoyant un courrier \u00e0 :\u00a0<span style=\"color: #ff6404;\"><a style=\"color: #ff6404;\" href=\"https:\/\/pressparadoxe.wordpress.com\/mentions-legales\/pressparadoxe@gmail.com\">pressparadoxe@gmail.com<\/a><\/span><\/p><p style=\"text-align: justify;\"><strong>Cr\u00e9dit photo :<\/strong> <span style=\"color: #ff6404;\">Press&rsquo;Paradoxe<\/span> \u2013 Melissa Helfer \/ Images libres de droit via <span style=\"color: #ff6404;\">Pixabay <\/span>et<span style=\"color: #ff6404;\"> Pexel<\/span><\/p><\/div>\t\t\t\t\t\t<\/div>\n\t\t\t\t<\/div>\n\t\t\t\t\t<\/div>\n\t\t\t\t<\/div>\n\t\t\t\t<\/div>\n\t\t","protected":false},"excerpt":{"rendered":"<p>Le pr\u00e9sent site est \u00e9dit\u00e9 par l\u2019entreprise PRESS\u2019PARADOXE Informations juridiques :SIRET : 84196646800016APE : 7021Z \/ Conseil en relations publiques et communication Le directeur de la publication du site est Mademoiselle Melissa HELFER. Les textes et photo de r\u00e9alisation sont&#8230;<\/p>\n","protected":false},"author":1,"featured_media":0,"parent":0,"menu_order":0,"comment_status":"closed","ping_status":"closed","template":"","meta":{"footnotes":""},"class_list":["post-128","page","type-page","status-publish","hentry"],"yoast_head":"<!-- This site is optimized with the Yoast SEO plugin v23.5 - https:\/\/yoast.com\/wordpress\/plugins\/seo\/ -->\n<title>Mentions l\u00e9gales - Press&#039;Paradoxe<\/title>\n<meta name=\"robots\" content=\"index, follow, max-snippet:-1, max-image-preview:large, max-video-preview:-1\" \/>\n<link rel=\"canonical\" href=\"https:\/\/pressparadoxe.com\/index.php\/mentions-legales\/\" \/>\n<meta property=\"og:locale\" content=\"fr_FR\" \/>\n<meta property=\"og:type\" content=\"article\" \/>\n<meta property=\"og:title\" content=\"Mentions l\u00e9gales - Press&#039;Paradoxe\" \/>\n<meta property=\"og:description\" content=\"Le pr\u00e9sent site est \u00e9dit\u00e9 par l\u2019entreprise PRESS\u2019PARADOXE Informations juridiques :SIRET : 84196646800016APE : 7021Z \/ Conseil en relations publiques et communication Le directeur de la publication du site est Mademoiselle Melissa HELFER. Les textes et photo de r\u00e9alisation sont...\" \/>\n<meta property=\"og:url\" content=\"https:\/\/pressparadoxe.com\/index.php\/mentions-legales\/\" \/>\n<meta property=\"og:site_name\" content=\"Press&#039;Paradoxe\" \/>\n<meta property=\"article:modified_time\" content=\"2024-06-03T07:28:27+00:00\" \/>\n<meta name=\"twitter:card\" content=\"summary_large_image\" \/>\n<meta name=\"twitter:label1\" content=\"Dur\u00e9e de lecture estim\u00e9e\" \/>\n\t<meta name=\"twitter:data1\" content=\"2 minutes\" \/>\n<script type=\"application\/ld+json\" class=\"yoast-schema-graph\">{\"@context\":\"https:\/\/schema.org\",\"@graph\":[{\"@type\":\"WebPage\",\"@id\":\"https:\/\/pressparadoxe.com\/index.php\/mentions-legales\/\",\"url\":\"https:\/\/pressparadoxe.com\/index.php\/mentions-legales\/\",\"name\":\"Mentions l\u00e9gales - Press&#039;Paradoxe\",\"isPartOf\":{\"@id\":\"https:\/\/pressparadoxe.com\/#website\"},\"datePublished\":\"2024-04-29T14:06:25+00:00\",\"dateModified\":\"2024-06-03T07:28:27+00:00\",\"breadcrumb\":{\"@id\":\"https:\/\/pressparadoxe.com\/index.php\/mentions-legales\/#breadcrumb\"},\"inLanguage\":\"fr-FR\",\"potentialAction\":[{\"@type\":\"ReadAction\",\"target\":[\"https:\/\/pressparadoxe.com\/index.php\/mentions-legales\/\"]}]},{\"@type\":\"BreadcrumbList\",\"@id\":\"https:\/\/pressparadoxe.com\/index.php\/mentions-legales\/#breadcrumb\",\"itemListElement\":[{\"@type\":\"ListItem\",\"position\":1,\"name\":\"Accueil\",\"item\":\"https:\/\/pressparadoxe.com\/\"},{\"@type\":\"ListItem\",\"position\":2,\"name\":\"Mentions l\u00e9gales\"}]},{\"@type\":\"WebSite\",\"@id\":\"https:\/\/pressparadoxe.com\/#website\",\"url\":\"https:\/\/pressparadoxe.com\/\",\"name\":\"Press&#039;Paradoxe\",\"description\":\"La com\u2019 a contre sens \ud83c\udf00\",\"publisher\":{\"@id\":\"https:\/\/pressparadoxe.com\/#organization\"},\"potentialAction\":[{\"@type\":\"SearchAction\",\"target\":{\"@type\":\"EntryPoint\",\"urlTemplate\":\"https:\/\/pressparadoxe.com\/?s={search_term_string}\"},\"query-input\":{\"@type\":\"PropertyValueSpecification\",\"valueRequired\":true,\"valueName\":\"search_term_string\"}}],\"inLanguage\":\"fr-FR\"},{\"@type\":\"Organization\",\"@id\":\"https:\/\/pressparadoxe.com\/#organization\",\"name\":\"Press&#039;Paradoxe\",\"url\":\"https:\/\/pressparadoxe.com\/\",\"logo\":{\"@type\":\"ImageObject\",\"inLanguage\":\"fr-FR\",\"@id\":\"https:\/\/pressparadoxe.com\/#\/schema\/logo\/image\/\",\"url\":\"https:\/\/pressparadoxe.com\/wp-content\/uploads\/2024\/03\/cropped-IMG_7676-1.png\",\"contentUrl\":\"https:\/\/pressparadoxe.com\/wp-content\/uploads\/2024\/03\/cropped-IMG_7676-1.png\",\"width\":464,\"height\":250,\"caption\":\"Press&#039;Paradoxe\"},\"image\":{\"@id\":\"https:\/\/pressparadoxe.com\/#\/schema\/logo\/image\/\"}}]}<\/script>\n<!-- \/ Yoast SEO plugin. -->","yoast_head_json":{"title":"Mentions l\u00e9gales - Press&#039;Paradoxe","robots":{"index":"index","follow":"follow","max-snippet":"max-snippet:-1","max-image-preview":"max-image-preview:large","max-video-preview":"max-video-preview:-1"},"canonical":"https:\/\/pressparadoxe.com\/index.php\/mentions-legales\/","og_locale":"fr_FR","og_type":"article","og_title":"Mentions l\u00e9gales - Press&#039;Paradoxe","og_description":"Le pr\u00e9sent site est \u00e9dit\u00e9 par l\u2019entreprise PRESS\u2019PARADOXE Informations juridiques :SIRET : 84196646800016APE : 7021Z \/ Conseil en relations publiques et communication Le directeur de la publication du site est Mademoiselle Melissa HELFER. Les textes et photo de r\u00e9alisation sont...","og_url":"https:\/\/pressparadoxe.com\/index.php\/mentions-legales\/","og_site_name":"Press&#039;Paradoxe","article_modified_time":"2024-06-03T07:28:27+00:00","twitter_card":"summary_large_image","twitter_misc":{"Dur\u00e9e de lecture estim\u00e9e":"2 minutes"},"schema":{"@context":"https:\/\/schema.org","@graph":[{"@type":"WebPage","@id":"https:\/\/pressparadoxe.com\/index.php\/mentions-legales\/","url":"https:\/\/pressparadoxe.com\/index.php\/mentions-legales\/","name":"Mentions l\u00e9gales - Press&#039;Paradoxe","isPartOf":{"@id":"https:\/\/pressparadoxe.com\/#website"},"datePublished":"2024-04-29T14:06:25+00:00","dateModified":"2024-06-03T07:28:27+00:00","breadcrumb":{"@id":"https:\/\/pressparadoxe.com\/index.php\/mentions-legales\/#breadcrumb"},"inLanguage":"fr-FR","potentialAction":[{"@type":"ReadAction","target":["https:\/\/pressparadoxe.com\/index.php\/mentions-legales\/"]}]},{"@type":"BreadcrumbList","@id":"https:\/\/pressparadoxe.com\/index.php\/mentions-legales\/#breadcrumb","itemListElement":[{"@type":"ListItem","position":1,"name":"Accueil","item":"https:\/\/pressparadoxe.com\/"},{"@type":"ListItem","position":2,"name":"Mentions l\u00e9gales"}]},{"@type":"WebSite","@id":"https:\/\/pressparadoxe.com\/#website","url":"https:\/\/pressparadoxe.com\/","name":"Press&#039;Paradoxe","description":"La com\u2019 a contre sens \ud83c\udf00","publisher":{"@id":"https:\/\/pressparadoxe.com\/#organization"},"potentialAction":[{"@type":"SearchAction","target":{"@type":"EntryPoint","urlTemplate":"https:\/\/pressparadoxe.com\/?s={search_term_string}"},"query-input":{"@type":"PropertyValueSpecification","valueRequired":true,"valueName":"search_term_string"}}],"inLanguage":"fr-FR"},{"@type":"Organization","@id":"https:\/\/pressparadoxe.com\/#organization","name":"Press&#039;Paradoxe","url":"https:\/\/pressparadoxe.com\/","logo":{"@type":"ImageObject","inLanguage":"fr-FR","@id":"https:\/\/pressparadoxe.com\/#\/schema\/logo\/image\/","url":"https:\/\/pressparadoxe.com\/wp-content\/uploads\/2024\/03\/cropped-IMG_7676-1.png","contentUrl":"https:\/\/pressparadoxe.com\/wp-content\/uploads\/2024\/03\/cropped-IMG_7676-1.png","width":464,"height":250,"caption":"Press&#039;Paradoxe"},"image":{"@id":"https:\/\/pressparadoxe.com\/#\/schema\/logo\/image\/"}}]}},"_links":{"self":[{"href":"https:\/\/pressparadoxe.com\/index.php\/wp-json\/wp\/v2\/pages\/128","targetHints":{"allow":["GET"]}}],"collection":[{"href":"https:\/\/pressparadoxe.com\/index.php\/wp-json\/wp\/v2\/pages"}],"about":[{"href":"https:\/\/pressparadoxe.com\/index.php\/wp-json\/wp\/v2\/types\/page"}],"author":[{"embeddable":true,"href":"https:\/\/pressparadoxe.com\/index.php\/wp-json\/wp\/v2\/users\/1"}],"replies":[{"embeddable":true,"href":"https:\/\/pressparadoxe.com\/index.php\/wp-json\/wp\/v2\/comments?post=128"}],"version-history":[{"count":10,"href":"https:\/\/pressparadoxe.com\/index.php\/wp-json\/wp\/v2\/pages\/128\/revisions"}],"predecessor-version":[{"id":234,"href":"https:\/\/pressparadoxe.com\/index.php\/wp-json\/wp\/v2\/pages\/128\/revisions\/234"}],"wp:attachment":[{"href":"https:\/\/pressparadoxe.com\/index.php\/wp-json\/wp\/v2\/media?parent=128"}],"curies":[{"name":"wp","href":"https:\/\/api.w.org\/{rel}","templated":true}]}}